{"id":1333,"date":"2023-02-18T19:30:42","date_gmt":"2023-02-18T18:30:42","guid":{"rendered":"https:\/\/tablaoflamencogranada.com\/rechtlicher-hinweis"},"modified":"2025-05-09T17:00:52","modified_gmt":"2025-05-09T16:00:52","slug":"rechtlicher-hinweis","status":"publish","type":"page","link":"https:\/\/tablaoflamencogranada.com\/de\/rechtlicher-hinweis","title":{"rendered":"Rechtlicher Hinweis"},"content":{"rendered":"\t\t<div data-elementor-type=\"wp-page\" data-elementor-id=\"1333\" class=\"elementor elementor-1333 elementor-545\" data-elementor-post-type=\"page\">\n\t\t\t\t<div class=\"elementor-element elementor-element-500a90c e-flex e-con-boxed e-con e-parent\" data-id=\"500a90c\" data-element_type=\"container\">\n\t\t\t\t\t<div class=\"e-con-inner\">\n\t\t\t\t<div class=\"elementor-element elementor-element-034ad93 elementor-widget elementor-widget-heading\" data-id=\"034ad93\" data-element_type=\"widget\" data-widget_type=\"heading.default\">\n\t\t\t\t\t<h1 class=\"elementor-heading-title elementor-size-default\">Rechtlicher Hinweis<\/h1>\t\t\t\t<\/div>\n\t\t\t\t\t<\/div>\n\t\t\t\t<\/div>\n\t\t<div class=\"elementor-element elementor-element-2a354e55 e-flex e-con-boxed e-con e-parent\" data-id=\"2a354e55\" data-element_type=\"container\">\n\t\t\t\t\t<div class=\"e-con-inner\">\n\t\t\t\t<div class=\"elementor-element elementor-element-6325a7a elementor-widget elementor-widget-text-editor\" data-id=\"6325a7a\" data-element_type=\"widget\" data-widget_type=\"text-editor.default\">\n\t\t\t\t\t\t\t\t\t  <h2>1. identifizierende Daten<\/h2>\n  <p>\n  Gem\u00e4\u00df den Bestimmungen des Gesetzes 34\/2002 vom 11. Juli \u00fcber die Dienste der Informationsgesellschaft und den elektronischen Handel (LSSI-CE) informieren wir Sie hiermit, dass diese Website Eigentum von <strong>Zambra los Amayas S.L.<\/strong> mit der <strong>Steuernummer B93584043<\/strong> und dem Firmensitz in <strong>Carretera de Murcia s\/n, Mirador de San Crist\u00f3bal (Albaic\u00edn), 18010 Granada ist.<\/strong>\n  <\/p>\n  <p>\n  Der Zugang zu und die Nutzung dieser Website ist kostenlos und verleiht jeder Person, die sie aufruft, den Status eines Nutzers, der sich verpflichtet, die Bestimmungen dieses rechtlichen Hinweises und der geltenden Gesetzgebung einzuhalten.\n  <\/p>\n\n  <h2>2. Geistiges und gewerbliches Eigentum<\/h2>\n  <p>\n  Alle Inhalte der Website (Texte, Bilder, Designs, Logos, Quellcode, Struktur usw.) sind ausschlie\u00dfliches Eigentum von <strong>Zambra los Amayas S.L.<\/strong>, oder es liegt eine Lizenz oder eine ausdr\u00fcckliche Genehmigung f\u00fcr ihre Nutzung vor. Sie sind durch die Gesetzgebung zum geistigen und gewerblichen Eigentum gesch\u00fctzt. \n  <\/p>\n  <p>\n  Die vollst\u00e4ndige oder teilweise Vervielf\u00e4ltigung, Verbreitung, \u00f6ffentliche Wiedergabe oder jede andere Form der Nutzung der Inhalte ohne vorherige schriftliche Genehmigung von Zambra los Amayas S.L. ist ausdr\u00fccklich verboten.\n  <\/p>\n  <p>\n  Die Verwendung von Links zur Website ist gestattet, sofern das Bild, die Marke oder der Inhalt der Website nicht missbr\u00e4uchlich verwendet wird und die Rechte des Eigent\u00fcmers nicht verletzt werden.\n  <\/p>\n\n  <h2>3. Haftungsausschluss<\/h2>\n  <p>\n  Zambra los Amayas S.L. \u00fcbernimmt keine Haftung f\u00fcr die von Dritten eingebrachten Inhalte oder f\u00fcr etwaige Fehler oder Auslassungen in den Inhalten der Website, noch f\u00fcr Sch\u00e4den, die sich aus der Nutzung der darin enthaltenen Informationen ergeben k\u00f6nnten.\n  <\/p>\n\n  <h2>4. Verwendung von Cookies<\/h2>\n  <p>\n  Diese Website kann technische Cookies verwenden, um das Surfen zu erleichtern und das korrekte Funktionieren der Website zu gew\u00e4hrleisten. Unter keinen Umst\u00e4nden werden Cookies ohne die Zustimmung des Nutzers f\u00fcr Werbezwecke verwendet. Benutzer k\u00f6nnen ihren Browser so konfigurieren, dass er Cookies verwaltet oder blockiert.  \n  <\/p>\n\n  <h2>5. Links zu Drittparteien<\/h2>\n  <p>\n  Diese Website kann Links zu externen Websites enthalten. Zambra los Amayas S.L. ist nicht verantwortlich f\u00fcr den Inhalt oder den Betrieb solcher Websites Dritter. Sollten unangemessene Inhalte entdeckt werden, werden diese unverz\u00fcglich entfernt und gegebenenfalls die zust\u00e4ndigen Beh\u00f6rden benachrichtigt.  \n  <\/p>\n\n  <h2>6. IP-Adressen<\/h2>\n  <p>\n  Die Server der Website k\u00f6nnen automatisch die vom Benutzer verwendete IP-Adresse zu statistischen Zwecken ermitteln, wie z.B. die Anzahl der Besuche oder die Reihenfolge der Zugriffe auf die Seiten.\n  <\/p>\n\n  <h2>7. Anwendbares Recht und Gerichtsstand<\/h2>\n  <p>\n  Dieser rechtliche Hinweis unterliegt dem spanischen Recht. F\u00fcr die Beilegung von Streitigkeiten, die im Zusammenhang mit dem Zugang oder der Nutzung der Website entstehen k\u00f6nnten, unterwerfen sich beide Parteien den Gerichten von Granada und verzichten ausdr\u00fccklich auf jede andere Zust\u00e4ndigkeit, die ihnen zustehen k\u00f6nnte. \n  <\/p>\t\t\t\t\t\t\t\t<\/div>\n\t\t\t\t\t<\/div>\n\t\t\t\t<\/div>\n\t\t\t\t<\/div>\n\t\t","protected":false},"excerpt":{"rendered":"<p>Rechtlicher Hinweis 1. identifizierende Daten Gem\u00e4\u00df den Bestimmungen des Gesetzes 34\/2002 vom 11. Juli \u00fcber die Dienste der Informationsgesellschaft und den elektronischen Handel (LSSI-CE) informieren wir Sie hiermit, dass diese Website Eigentum von Zambra los Amayas S.L. mit der Steuernummer B93584043 und dem Firmensitz in Carretera de Murcia s\/n, Mirador de San Crist\u00f3bal (Albaic\u00edn), 18010 [&hellip;]<\/p>\n","protected":false},"author":1,"featured_media":0,"parent":0,"menu_order":0,"comment_status":"closed","ping_status":"closed","template":"","meta":{"footnotes":""},"class_list":["post-1333","page","type-page","status-publish","hentry"],"_links":{"self":[{"href":"https:\/\/tablaoflamencogranada.com\/de\/wp-json\/wp\/v2\/pages\/1333","targetHints":{"allow":["GET"]}}],"collection":[{"href":"https:\/\/tablaoflamencogranada.com\/de\/wp-json\/wp\/v2\/pages"}],"about":[{"href":"https:\/\/tablaoflamencogranada.com\/de\/wp-json\/wp\/v2\/types\/page"}],"author":[{"embeddable":true,"href":"https:\/\/tablaoflamencogranada.com\/de\/wp-json\/wp\/v2\/users\/1"}],"replies":[{"embeddable":true,"href":"https:\/\/tablaoflamencogranada.com\/de\/wp-json\/wp\/v2\/comments?post=1333"}],"version-history":[{"count":3,"href":"https:\/\/tablaoflamencogranada.com\/de\/wp-json\/wp\/v2\/pages\/1333\/revisions"}],"predecessor-version":[{"id":4214,"href":"https:\/\/tablaoflamencogranada.com\/de\/wp-json\/wp\/v2\/pages\/1333\/revisions\/4214"}],"wp:attachment":[{"href":"https:\/\/tablaoflamencogranada.com\/de\/wp-json\/wp\/v2\/media?parent=1333"}],"curies":[{"name":"wp","href":"https:\/\/api.w.org\/{rel}","templated":true}]}}