{"id":1340,"date":"2023-02-14T22:31:26","date_gmt":"2023-02-14T21:31:26","guid":{"rendered":"https:\/\/tablaoflamencogranada.com\/datenschutzbestimmungen"},"modified":"2024-02-13T13:56:10","modified_gmt":"2024-02-13T12:56:10","slug":"datenschutzbestimmungen","status":"publish","type":"page","link":"https:\/\/tablaoflamencogranada.com\/de\/datenschutzbestimmungen","title":{"rendered":"Datenschutzbestimmungen"},"content":{"rendered":"\n<p>In \u00dcbereinstimmung mit Artikel 10 des Gesetzes 34\/2002 vom 11. Juli \u00fcber die Dienste der Informationsgesellschaft (Ley 34\/2002, del 11 de julio, de servicios de la Sociedad de la Sociedad de la Infomaci\u00f3n).<\/p>\n\n<p>Die Angaben zur Identit\u00e4t des Unternehmens sind nachstehend aufgef\u00fchrt.<\/p>\n\n<p>Datenschutzrichtlinie f\u00fcr die Verwaltung von Dienstbuchungen<\/p>\n\n<p>Im Folgenden erl\u00e4utern wir, wie wir Ihre personenbezogenen Daten verarbeiten, wenn Sie eine Dienstleistung buchen m\u00f6chten. Weitere Informationen finden Sie in unserer globalen <a href=\"https:\/\/www.mireservaonline.es\/es\/info\/politica-de-privacidad.aspx\" target=\"_blank\" rel=\"noopener\">Datenschutzrichtlinie<\/a>.<\/p>\n\n<p><br\/><strong>Wer wir sind<\/strong><\/p>\n\n<p>Verantwortlich f\u00fcr die Verarbeitung der von Ihnen zur Verf\u00fcgung gestellten personenbezogenen Daten ist die Firma Zambra los Amayas S.L. mit der Steueridentifikationsnummer B93584043 und dem Firmensitz in Carretera de Murcia s\/n. Mirador de San Cristobal (Albaicin), 18010 Granada. Kontakttelefon <a href=\"tel:0034636575125\">636575125 <\/a>und E-Mail <a href=\"mailto:tablao-albayzin@hotmail.com\">tablao-albayzin@hotmail.com<\/a><\/p>\n\n<p><br\/><strong>Zweck der Erhebung und Verarbeitung von personenbezogenen Daten<\/strong><\/p>\n\n<p>Wir erheben und verarbeiten Ihre personenbezogenen Daten, um Ihre Anfragen und Servicebuchungen zu bearbeiten. Ihre Daten werden f\u00fcr folgende Zwecke verwendet:<\/p>\n\n<p>&#8211; Registrieren Sie Ihr Benutzerkonto, mit dem Sie auf die Plattform zugreifen k\u00f6nnen.<br\/>&#8211; Rationalisieren Sie den Prozess der Buchung und Bezahlung von Dienstleistungen.<br\/>&#8211; Erfassen und fakturieren Sie gegebenenfalls die vertraglich vereinbarten Leistungen.<br\/>&#8211; Ihnen Mitteilungen im Zusammenhang mit Ihren Anfragen und Reservierungen zukommen zu lassen.<br\/>&#8211; Pflegen Sie Ihre Buchungs-, Zahlungs- und Ereignishistorie.<br\/>&#8211; Ihnen eine Zufriedenheitsumfrage zu einer gebuchten Dienstleistung schicken, wenn Sie dies bei der Buchung genehmigen.<\/p>\n\n<p><br\/><strong>Rechtsgrundlage. Legitimation<\/strong><\/p>\n\n<p>Diese Datenschutzerkl\u00e4rung entspricht Artikel 13 der Verordnung (EU) 2016\/679 des Europ\u00e4ischen Parlaments und des Rates vom 27. April 2016 zum Schutz nat\u00fcrlicher Personen bei der Verarbeitung personenbezogener Daten und zum freien Datenverkehr (GDPR) und Artikel 5 des Organgesetzes 15\/99 vom 13. Dezember 1999 zum Schutz personenbezogener Daten (LOPD).<\/p>\n\n<p>Die Verarbeitung Ihrer Daten ist durch die Erf\u00fcllung des Vertrags legitimiert, der zustande kommt, wenn Sie eine Dienstleistung \u00fcber unsere Plattform anfordern.  <\/p>\n\n<p><br\/><strong>Folgen der Nichtbereitstellung von Daten<\/strong><\/p>\n\n<p>Wenn wir Sie um Ihre Daten bitten, markieren wir diejenigen mit einem Sternchen, die unbedingt erforderlich sind. Sie sind nicht verpflichtet, die angeforderten Daten anzugeben, aber wenn Sie dies nicht tun, k\u00f6nnen Sie die auf unserer Plattform angebotenen Dienste nicht anfordern oder buchen.<\/p>\n\n<p><br\/><strong>Herkunft der personenbezogenen Daten<\/strong><\/p>\n\n<p>Wenn Sie uns Daten anderer Personen zur Verf\u00fcgung stellen, m\u00fcssen Sie sicherstellen, dass Sie die Zustimmung dieser Personen zur Bereitstellung ihrer Daten haben, wenn sie \u00fcber 14 Jahre alt sind. Daten von Kindern unter 14 Jahren k\u00f6nnen Sie nur angeben, wenn Sie deren Eltern oder Erziehungsberechtigte sind oder wenn Sie deren Zustimmung haben.<\/p>\n\n<p>Um Ihre Anfragen und Buchungen zu verwalten, m\u00fcssen Sie ein Benutzerkonto auf unserer Plattform anlegen. Zu diesem Zweck k\u00f6nnen Sie eine E-Mail-Adresse und ein Passwort verwenden. Sie k\u00f6nnen sich auch mit Ihrem Google+- oder Facebook-Konto anmelden. In diesem Fall fungieren diese Unternehmen als &#8222;Identifizierungsanbieter&#8220;. Wenn Sie von dieser M\u00f6glichkeit Gebrauch machen, wird der gew\u00e4hlte Anbieter Sie \u00fcber die Daten informieren, die MiReservaOnline ben\u00f6tigt, und Sie m\u00fcssen diesen Zugang genehmigen. Die personenbezogenen Daten, die wir \u00fcber diese Anbieter erhalten, sind:  <\/p>\n\n<p>&#8211; Eine eindeutige Kennung f\u00fcr Ihr Konto bei dem Anbieter. Das hei\u00dft, eine Reihe von Buchstaben und Zahlen, die Sie gegen\u00fcber dem Anbieter identifizieren.<br\/>&#8211; Ihr Vor- und Nachname.<br\/>&#8211; Ihre E-Mail.<\/p>\n\n<p>Die von diesen Anbietern erhaltenen Daten werden in Ihr Benutzerkonto in MiReservaOnline kopiert. Sie k\u00f6nnen den Zugriff von MiReservaOnline auf Ihre pers\u00f6nlichen Daten bei diesen Identifikationsanbietern jederzeit widerrufen. In diesem Fall k\u00f6nnen Sie \u00fcber Ihr Konto bei diesem Anbieter nicht auf MiReservaOnline zugreifen. Der Widerruf des Zugriffs von MiReservaOnline auf Ihre Daten durch einen Authentifizierungsanbieter l\u00f6scht nicht Ihr MiReservaOnline-Benutzerkonto oder zuvor erhaltene Daten.  <\/p>\n\n<p><br\/><strong>Dauer der Aufbewahrung Ihrer Daten<\/strong><\/p>\n\n<p>Ihre Daten werden f\u00fcr die Dauer der eingegangenen vertraglichen und gesch\u00e4ftlichen Beziehungen und anschlie\u00dfend f\u00fcr die gesetzlich vorgeschriebenen Fristen zur Kl\u00e4rung etwaiger daraus resultierender Verbindlichkeiten aufbewahrt.<\/p>\n\n<p>Die Daten \u00fcber Zahlungen und Rechnungen werden f\u00fcr die in den entsprechenden Wirtschafts-, Buchf\u00fchrungs- und Steuervorschriften festgelegten Zeitr\u00e4ume aufbewahrt.<\/p>\n\n<p><br\/><strong>Empf\u00e4nger Ihrer personenbezogenen Daten<\/strong><\/p>\n\n<p>Wenn Sie eine Dienstleistung in Auftrag geben, \u00fcbermitteln wir einige Ihrer pers\u00f6nlichen Daten an das Unternehmen, das die Dienstleistung erbringt. Wir \u00fcbermitteln nur die Daten, die das Unternehmen zur Erbringung der Dienstleistung und zur Kontaktaufnahme mit Ihnen im Zusammenhang mit der beauftragten Dienstleistung ben\u00f6tigt.<\/p>\n\n<p>Alle Unternehmen, die auf unserer Plattform Dienstleistungen anbieten, unterliegen der europ\u00e4ischen Gesetzgebung und unterliegen denselben Datenschutzbestimmungen wie MiReservaOnline. Sie verpflichten sich daher, Ihre pers\u00f6nlichen Daten nur f\u00fcr den Zweck zu verwenden, f\u00fcr den Sie sie zur Verf\u00fcgung gestellt haben.<\/p>\n\n<p>Um herauszufinden, welches Unternehmen eine bestimmte Dienstleistung anbietet, k\u00f6nnen Sie den Abschnitt &#8222;\u00dcber uns&#8220; in der Rubrik &#8222;Weitere Informationen&#8220; auf der Seite der Dienstleistung auf MiReservaOnline.es einsehen. Au\u00dferdem werden Sie auf Ihrer Buchungsbest\u00e4tigung dar\u00fcber informiert, welches Unternehmen eine Dienstleistung anbietet, wenn Sie einen Vertrag abgeschlossen haben.<\/p>\n\n<p>Ihre Daten werden auch \u00fcbermittelt, wenn dies f\u00fcr die Erf\u00fcllung des bestehenden Vertragsverh\u00e4ltnisses erforderlich ist und in den gesetzlich vorgesehenen F\u00e4llen. In einigen F\u00e4llen k\u00f6nnen Ihre Daten an Strafverfolgungsbeh\u00f6rden weitergegeben werden, wenn dies gesetzlich vorgeschrieben ist. Die Daten im Zusammenhang mit der Rechnungsstellung m\u00fcssen laut Gesetz an die Steuerverwaltung \u00fcbermittelt werden.<\/p>\n\n<p>Wenn Sie eine Dienstleistung mit einer der von der Plattform angebotenen Zahlungsmethoden bezahlen und diese Zahlung dann entgegen der Widerrufsbelehrung, die Sie bei der Buchung akzeptiert haben, stornieren, fordert MiReservaOnline den in der Widerrufsbelehrung angegebenen Betrag von der Einrichtung, bei der die Zahlung erfolgt ist. In diesem Prozess kann das Finanzinstitut uns um Informationen \u00fcber Ihre Identit\u00e4t und andere Daten bitten, die die in Anspruch genommene Dienstleistung, ihre Bezahlung und ihre Inanspruchnahme belegen, und wir k\u00f6nnen Ihnen diese zur Verf\u00fcgung stellen.<\/p>\n\n<p>Eine internationale Daten\u00fcbermittlung ist nicht vorgesehen. Wenn \u00fcberhaupt, dann nur zu den oben genannten Zwecken und mit den nach EU-Recht vorgeschriebenen Garantien. In diesem Sinne werden Daten nur an Einrichtungen mit Sitz in der Europ\u00e4ischen Union, an Einrichtungen, die dem EU-US-Datenschutzschild-Abkommen oder gleichwertigen Vereinbarungen beigetreten sind, die die Verarbeitung personenbezogener Daten in einer Weise gew\u00e4hrleisten, die der in der Europ\u00e4ischen Union \u00fcblichen entspricht, \u00fcbermittelt.<\/p>\n\n<p><br\/><strong>Rechte und Beschwerden bei der Aufsichtsbeh\u00f6rde<\/strong><\/p>\n\n<p>Sie k\u00f6nnen Ihre Rechte auf Auskunft, Berichtigung, L\u00f6schung, Einschr\u00e4nkung und Widerspruch aus\u00fcben, indem Sie eine E-Mail an info@mireservaonline.es mit dem Betreff &#8222;Datenschutz&#8220; senden. Sie k\u00f6nnen dies auch tun, indem Sie einen Brief senden an: Area25 IT. Calle El Purche 6, 2\u00ba A. 18008 Granada, Spanien.<br\/>In beiden F\u00e4llen m\u00fcssen Sie eine Kopie eines Dokuments zum Nachweis Ihrer Identit\u00e4t einreichen.<\/p>\n\n<p>Sie haben das Recht auf Daten\u00fcbertragbarkeit, d. h. Sie haben das Recht, Ihre Daten in einem strukturierten, g\u00e4ngigen und maschinenlesbaren Format zu erhalten, einschlie\u00dflich des Rechts, sie an einen neuen f\u00fcr die Datenverarbeitung Verantwortlichen weiterzuleiten, wenn Sie dies w\u00fcnschen.<\/p>\n\n<p>Dar\u00fcber hinaus k\u00f6nnen Sie bei der zust\u00e4ndigen Datenschutzaufsichtsbeh\u00f6rde eine Beschwerde einreichen, insbesondere wenn Sie bei der Aus\u00fcbung Ihrer Rechte nicht befriedigt wurden. Dazu sollten Sie sich an die spanische Datenschutzbeh\u00f6rde wenden: Calle Jorge Juan 6, 28001 Madrid. Sie k\u00f6nnen dies auch tun, indem Sie \u00fcber die Website https:\/\/www.agpd.es auf die elektronische Zentrale zugreifen.<\/p>\n","protected":false},"excerpt":{"rendered":"<p>In \u00dcbereinstimmung mit Artikel 10 des Gesetzes 34\/2002 vom 11. Juli \u00fcber die Dienste der Informationsgesellschaft (Ley 34\/2002, del 11 de julio, de servicios de la Sociedad de la Sociedad de la Infomaci\u00f3n). Die Angaben zur Identit\u00e4t des Unternehmens sind nachstehend aufgef\u00fchrt. Datenschutzrichtlinie f\u00fcr die Verwaltung von Dienstbuchungen Im Folgenden erl\u00e4utern wir, wie wir Ihre [&hellip;]<\/p>\n","protected":false},"author":1,"featured_media":0,"parent":0,"menu_order":0,"comment_status":"closed","ping_status":"open","template":"","meta":{"footnotes":""},"class_list":["post-1340","page","type-page","status-publish","hentry"],"_links":{"self":[{"href":"https:\/\/tablaoflamencogranada.com\/de\/wp-json\/wp\/v2\/pages\/1340","targetHints":{"allow":["GET"]}}],"collection":[{"href":"https:\/\/tablaoflamencogranada.com\/de\/wp-json\/wp\/v2\/pages"}],"about":[{"href":"https:\/\/tablaoflamencogranada.com\/de\/wp-json\/wp\/v2\/types\/page"}],"author":[{"embeddable":true,"href":"https:\/\/tablaoflamencogranada.com\/de\/wp-json\/wp\/v2\/users\/1"}],"replies":[{"embeddable":true,"href":"https:\/\/tablaoflamencogranada.com\/de\/wp-json\/wp\/v2\/comments?post=1340"}],"version-history":[{"count":1,"href":"https:\/\/tablaoflamencogranada.com\/de\/wp-json\/wp\/v2\/pages\/1340\/revisions"}],"predecessor-version":[{"id":1363,"href":"https:\/\/tablaoflamencogranada.com\/de\/wp-json\/wp\/v2\/pages\/1340\/revisions\/1363"}],"wp:attachment":[{"href":"https:\/\/tablaoflamencogranada.com\/de\/wp-json\/wp\/v2\/media?parent=1340"}],"curies":[{"name":"wp","href":"https:\/\/api.w.org\/{rel}","templated":true}]}}