{"id":8161,"date":"2025-05-31T10:47:24","date_gmt":"2025-05-31T09:47:24","guid":{"rendered":"https:\/\/tablaoflamencogranada.com\/so-erreichen-sie-unser-tablao"},"modified":"2025-06-05T13:07:24","modified_gmt":"2025-06-05T12:07:24","slug":"so-erreichen-sie-unser-tablao","status":"publish","type":"page","link":"https:\/\/tablaoflamencogranada.com\/de\/so-erreichen-sie-unser-tablao","title":{"rendered":"So erreichen Sie unser Tablao"},"content":{"rendered":"\t\t<div data-elementor-type=\"wp-page\" data-elementor-id=\"8161\" class=\"elementor elementor-8161 elementor-8129\" data-elementor-post-type=\"page\">\n\t\t\t\t<div class=\"elementor-element elementor-element-4d51d1f e-flex e-con-boxed e-con e-parent\" data-id=\"4d51d1f\" data-element_type=\"container\" data-settings=\"{&quot;background_background&quot;:&quot;classic&quot;}\">\n\t\t\t\t\t<div class=\"e-con-inner\">\n\t\t\t\t<div class=\"elementor-element elementor-element-9a8b027 elementor-widget elementor-widget-breadcrumbs\" data-id=\"9a8b027\" data-element_type=\"widget\" data-widget_type=\"breadcrumbs.default\">\n\t\t\t\t<div class=\"elementor-widget-container\">\n\t\t\t\t\t<nav aria-label=\"breadcrumbs\" class=\"rank-math-breadcrumb\"><p><span class=\"last\">Startseite<\/span><\/p><\/nav>\t\t\t\t<\/div>\n\t\t\t\t<\/div>\n\t\t\t\t<div class=\"elementor-element elementor-element-7ca18c5 elementor-widget elementor-widget-heading\" data-id=\"7ca18c5\" data-element_type=\"widget\" data-widget_type=\"heading.default\">\n\t\t\t\t\t<h1 class=\"elementor-heading-title elementor-size-default\">So erreichen Sie unser Tablao<\/h1>\t\t\t\t<\/div>\n\t\t\t\t\t<\/div>\n\t\t\t\t<\/div>\n\t\t<div class=\"elementor-element elementor-element-ed6d92f e-flex e-con-boxed e-con e-parent\" data-id=\"ed6d92f\" data-element_type=\"container\" data-settings=\"{&quot;background_background&quot;:&quot;classic&quot;}\">\n\t\t\t\t\t<div class=\"e-con-inner\">\n\t\t\t\t<div class=\"elementor-element elementor-element-ae5147d elementor-widget elementor-widget-text-editor\" data-id=\"ae5147d\" data-element_type=\"widget\" data-widget_type=\"text-editor.default\">\n\t\t\t\t\t\t\t\t\t<p>Unser Tablao befindet sich <strong>im Herzen des Mirador San Crist\u00f3bal<\/strong> , genauer gesagt an der Carretera de Murcia SN. Hier genie\u00dfen Sie neben unserer Flamenco-Show auch einen herrlichen Blick auf Granada und die Alhambra. Unsere Dachterrasse bietet einen Panoramablick auf Granada und l\u00e4dt zu einem erfrischenden Getr\u00e4nk ein.    <\/p><p>Nachfolgend finden Sie einige Wegbeschreibungen, um von verschiedenen Bezugspunkten aus leicht dorthin zu gelangen:<\/p>\t\t\t\t\t\t\t\t<\/div>\n\t\t\t\t<div class=\"elementor-element elementor-element-70c11f1 elementor-widget elementor-widget-google_maps\" data-id=\"70c11f1\" data-element_type=\"widget\" data-widget_type=\"google_maps.default\">\n\t\t\t\t\t\t\t<div class=\"elementor-custom-embed\">\n\t\t\t<iframe loading=\"lazy\"\n\t\t\t\t\tsrc=\"https:\/\/maps.google.com\/maps?q=Tablao%20flamenco%20albayzin&#038;t=m&#038;z=10&#038;output=embed&#038;iwloc=near\"\n\t\t\t\t\ttitle=\"Tablao flamenco albayzin\"\n\t\t\t\t\taria-label=\"Tablao flamenco albayzin\"\n\t\t\t><\/iframe>\n\t\t<\/div>\n\t\t\t\t\t\t<\/div>\n\t\t<div class=\"elementor-element elementor-element-8540f93 e-con-full e-flex e-con e-child\" data-id=\"8540f93\" data-element_type=\"container\">\n\t\t<div class=\"elementor-element elementor-element-d55136a e-con-full e-flex e-con e-child\" data-id=\"d55136a\" data-element_type=\"container\" data-settings=\"{&quot;background_background&quot;:&quot;classic&quot;}\">\n\t\t\t\t<div class=\"elementor-element elementor-element-c63e0a1 elementor-widget elementor-widget-heading\" data-id=\"c63e0a1\" data-element_type=\"widget\" data-widget_type=\"heading.default\">\n\t\t\t\t\t<h2 class=\"elementor-heading-title elementor-size-default\">Von der Plaza Nueva<\/h2>\t\t\t\t<\/div>\n\t\t<div class=\"elementor-element elementor-element-09a5288 e-con-full e-flex e-con e-child\" data-id=\"09a5288\" data-element_type=\"container\">\n\t\t<div class=\"elementor-element elementor-element-e695335 e-con-full e-flex e-con e-child\" data-id=\"e695335\" data-element_type=\"container\">\n\t\t\t\t<div class=\"elementor-element elementor-element-5458fea elementor-widget elementor-widget-heading\" data-id=\"5458fea\" data-element_type=\"widget\" data-widget_type=\"heading.default\">\n\t\t\t\t\t<h2 class=\"elementor-heading-title elementor-size-default\">Gehen<\/h2>\t\t\t\t<\/div>\n\t\t\t\t<div class=\"elementor-element elementor-element-3993c66 elementor-icon-list--layout-inline elementor-list-item-link-full_width elementor-widget elementor-widget-icon-list\" data-id=\"3993c66\" data-element_type=\"widget\" data-widget_type=\"icon-list.default\">\n\t\t\t\t\t\t\t<ul class=\"elementor-icon-list-items elementor-inline-items\">\n\t\t\t\t\t\t\t<li class=\"elementor-icon-list-item elementor-inline-item\">\n\t\t\t\t\t\t\t\t\t\t\t<span class=\"elementor-icon-list-icon\">\n\t\t\t\t\t\t\t<i aria-hidden=\"true\" class=\"far fa-clock\"><\/i>\t\t\t\t\t\t<\/span>\n\t\t\t\t\t\t\t\t\t\t<span class=\"elementor-icon-list-text\">16 Minuten<\/span>\n\t\t\t\t\t\t\t\t\t<\/li>\n\t\t\t\t\t\t\t\t<li class=\"elementor-icon-list-item elementor-inline-item\">\n\t\t\t\t\t\t\t\t\t\t\t<span class=\"elementor-icon-list-icon\">\n\t\t\t\t\t\t\t<i aria-hidden=\"true\" class=\"fas fa-walking\"><\/i>\t\t\t\t\t\t<\/span>\n\t\t\t\t\t\t\t\t\t\t<span class=\"elementor-icon-list-text\">950 m<\/span>\n\t\t\t\t\t\t\t\t\t<\/li>\n\t\t\t\t\t\t<\/ul>\n\t\t\t\t\t\t<\/div>\n\t\t\t\t<div class=\"elementor-element elementor-element-6d5fd5c elementor-widget elementor-widget-text-editor\" data-id=\"6d5fd5c\" data-element_type=\"widget\" data-widget_type=\"text-editor.default\">\n\t\t\t\t\t\t\t\t\t<ul>\n  <li>Verlassen Sie <strong>die Plaza Nueva<\/strong> \u00fcber <strong>die Calle C\u00e1rcel Alta<\/strong> und gehen Sie geradeaus weiter.<\/li>\n  <li>Weiter entlang der <strong>Cuesta de Mara\u00f1as<\/strong> .<\/li>\n  <li>Folgen Sie weiter der <strong>Canvas Lane<\/strong> .<\/li>\n  <li>Gehen Sie die <strong>Cuesta de Alhacaba<\/strong> hinunter.<\/li>\n  <li>Nehmen Sie die Treppe hinauf zur <strong>Cuesta de San Crist\u00f3bal<\/strong> .<\/li>\n  <li>Biegen Sie rechts in <strong>die Veredilla de San Crist\u00f3bal<\/strong> ein.<\/li>\n  <li>Ankunft am <strong>Plaza Mirador de San Crist\u00f3bal<\/strong> .<\/li>\n  <li>Neben dem Aussichtspunkt befindet sich das <strong>Tablao Flamenco Albayz\u00edn<\/strong> .<\/li>\n<\/ul>\t\t\t\t\t\t\t\t<\/div>\n\t\t\t\t<\/div>\n\t\t<div class=\"elementor-element elementor-element-e4228f0 e-con-full e-flex e-con e-child\" data-id=\"e4228f0\" data-element_type=\"container\">\n\t\t\t\t<div class=\"elementor-element elementor-element-a202cdc elementor-widget elementor-widget-heading\" data-id=\"a202cdc\" data-element_type=\"widget\" data-widget_type=\"heading.default\">\n\t\t\t\t\t<h2 class=\"elementor-heading-title elementor-size-default\">Mit dem Auto<\/h2>\t\t\t\t<\/div>\n\t\t\t\t<div class=\"elementor-element elementor-element-f0773d6 elementor-icon-list--layout-inline elementor-list-item-link-full_width elementor-widget elementor-widget-icon-list\" data-id=\"f0773d6\" data-element_type=\"widget\" data-widget_type=\"icon-list.default\">\n\t\t\t\t\t\t\t<ul class=\"elementor-icon-list-items elementor-inline-items\">\n\t\t\t\t\t\t\t<li class=\"elementor-icon-list-item elementor-inline-item\">\n\t\t\t\t\t\t\t\t\t\t\t<span class=\"elementor-icon-list-icon\">\n\t\t\t\t\t\t\t<i aria-hidden=\"true\" class=\"far fa-clock\"><\/i>\t\t\t\t\t\t<\/span>\n\t\t\t\t\t\t\t\t\t\t<span class=\"elementor-icon-list-text\">16 Minuten<\/span>\n\t\t\t\t\t\t\t\t\t<\/li>\n\t\t\t\t\t\t\t\t<li class=\"elementor-icon-list-item elementor-inline-item\">\n\t\t\t\t\t\t\t\t\t\t\t<span class=\"elementor-icon-list-icon\">\n\t\t\t\t\t\t\t<i aria-hidden=\"true\" class=\"fas fa-parking\"><\/i>\t\t\t\t\t\t<\/span>\n\t\t\t\t\t\t\t\t\t\t<span class=\"elementor-icon-list-text\">Parkm\u00f6glichkeiten vorhanden<\/span>\n\t\t\t\t\t\t\t\t\t<\/li>\n\t\t\t\t\t\t<\/ul>\n\t\t\t\t\t\t<\/div>\n\t\t\t\t<div class=\"elementor-element elementor-element-140d2e8 elementor-widget elementor-widget-text-editor\" data-id=\"140d2e8\" data-element_type=\"widget\" data-widget_type=\"text-editor.default\">\n\t\t\t\t\t\t\t\t\t<ul><li>Gehen Sie von der Plaza Nueva aus in Richtung Calle C\u00e1rcel Baja und biegen Sie rechts in die Gran V\u00eda de Col\u00f3n ein.<\/li><li>Fahren Sie in Richtung Albaic\u00edn \u00fcber Cervezas Alhambra in Richtung Carretera de Murcia.<\/li><li>Parken Sie auf dem Parkplatz \u201eSan Crist\u00f3bal\u201c.  <\/li><li>Wir sind direkt gegen\u00fcber.  <\/li><\/ul>\t\t\t\t\t\t\t\t<\/div>\n\t\t\t\t<\/div>\n\t\t<div class=\"elementor-element elementor-element-0dc104e e-con-full e-flex e-con e-child\" data-id=\"0dc104e\" data-element_type=\"container\">\n\t\t\t\t<div class=\"elementor-element elementor-element-fadd73c elementor-widget elementor-widget-heading\" data-id=\"fadd73c\" data-element_type=\"widget\" data-widget_type=\"heading.default\">\n\t\t\t\t\t<h2 class=\"elementor-heading-title elementor-size-default\">Mit dem Bus<\/h2>\t\t\t\t<\/div>\n\t\t\t\t<div class=\"elementor-element elementor-element-fddb5c1 elementor-icon-list--layout-inline elementor-list-item-link-full_width elementor-widget elementor-widget-icon-list\" data-id=\"fddb5c1\" data-element_type=\"widget\" data-widget_type=\"icon-list.default\">\n\t\t\t\t\t\t\t<ul class=\"elementor-icon-list-items elementor-inline-items\">\n\t\t\t\t\t\t\t<li class=\"elementor-icon-list-item elementor-inline-item\">\n\t\t\t\t\t\t\t\t\t\t\t<span class=\"elementor-icon-list-icon\">\n\t\t\t\t\t\t\t<i aria-hidden=\"true\" class=\"far fa-clock\"><\/i>\t\t\t\t\t\t<\/span>\n\t\t\t\t\t\t\t\t\t\t<span class=\"elementor-icon-list-text\">8 Minuten<\/span>\n\t\t\t\t\t\t\t\t\t<\/li>\n\t\t\t\t\t\t<\/ul>\n\t\t\t\t\t\t<\/div>\n\t\t\t\t<div class=\"elementor-element elementor-element-e0a863c elementor-widget elementor-widget-text-editor\" data-id=\"e0a863c\" data-element_type=\"widget\" data-widget_type=\"text-editor.default\">\n\t\t\t\t\t\t\t\t\t<ul><li>Gehen Sie von der Plaza Nueva zur Bushaltestelle Plaza Nueva und nehmen Sie den Bus C32 oder C34 (dies sind spezielle Linien nach Albaic\u00edn).<\/li><li>Steigen Sie an der Haltestelle 47 oder 55 der Carretera de Murcia aus.<\/li><li>Zu Fu\u00df sind es keine 90 Meter.<\/li><\/ul>\t\t\t\t\t\t\t\t<\/div>\n\t\t\t\t<\/div>\n\t\t\t\t<\/div>\n\t\t\t\t<\/div>\n\t\t<div class=\"elementor-element elementor-element-e7570b0 e-con-full e-flex e-con e-child\" data-id=\"e7570b0\" data-element_type=\"container\" data-settings=\"{&quot;background_background&quot;:&quot;classic&quot;}\">\n\t\t\t\t<div class=\"elementor-element elementor-element-3e9192c elementor-widget elementor-widget-heading\" data-id=\"3e9192c\" data-element_type=\"widget\" data-widget_type=\"heading.default\">\n\t\t\t\t\t<h2 class=\"elementor-heading-title elementor-size-default\">Andere Standorte<\/h2>\t\t\t\t<\/div>\n\t\t<div class=\"elementor-element elementor-element-14c3c39 e-con-full e-flex e-con e-child\" data-id=\"14c3c39\" data-element_type=\"container\">\n\t\t<div class=\"elementor-element elementor-element-e74f0ba e-con-full e-flex e-con e-child\" data-id=\"e74f0ba\" data-element_type=\"container\">\n\t\t\t\t<div class=\"elementor-element elementor-element-e487773 elementor-widget elementor-widget-heading\" data-id=\"e487773\" data-element_type=\"widget\" data-widget_type=\"heading.default\">\n\t\t\t\t\t<h2 class=\"elementor-heading-title elementor-size-default\">Mit dem Bus<\/h2>\t\t\t\t<\/div>\n\t\t\t\t<div class=\"elementor-element elementor-element-656cd4e elementor-widget elementor-widget-text-editor\" data-id=\"656cd4e\" data-element_type=\"widget\" data-widget_type=\"text-editor.default\">\n\t\t\t\t\t\t\t\t\t<p>Sie erreichen unser Tablao bequem mit dem Bus von fast \u00fcberall in Granada \u00fcber die Linien N8 und N9. Sie steigen an der Haltestelle Carretera de Murcia 55 aus und befinden sich direkt vor unserem Geb\u00e4ude.<\/p>\t\t\t\t\t\t\t\t<\/div>\n\t\t\t\t<\/div>\n\t\t\t\t<\/div>\n\t\t\t\t<\/div>\n\t\t\t\t<\/div>\n\t\t\t\t\t<\/div>\n\t\t\t\t<\/div>\n\t\t\t\t<\/div>\n\t\t","protected":false},"excerpt":{"rendered":"<p>Inicio So erreichen Sie unser Tablao Unser Tablao befindet sich im Herzen des Mirador San Crist\u00f3bal , genauer gesagt an der Carretera de Murcia SN. Hier genie\u00dfen Sie neben unserer Flamenco-Show auch einen herrlichen Blick auf Granada und die Alhambra. Unsere Dachterrasse bietet einen Panoramablick auf Granada und l\u00e4dt zu einem erfrischenden Getr\u00e4nk ein. Nachfolgend [&hellip;]<\/p>\n","protected":false},"author":1,"featured_media":0,"parent":0,"menu_order":0,"comment_status":"closed","ping_status":"closed","template":"","meta":{"footnotes":""},"class_list":["post-8161","page","type-page","status-publish","hentry"],"_links":{"self":[{"href":"https:\/\/tablaoflamencogranada.com\/de\/wp-json\/wp\/v2\/pages\/8161","targetHints":{"allow":["GET"]}}],"collection":[{"href":"https:\/\/tablaoflamencogranada.com\/de\/wp-json\/wp\/v2\/pages"}],"about":[{"href":"https:\/\/tablaoflamencogranada.com\/de\/wp-json\/wp\/v2\/types\/page"}],"author":[{"embeddable":true,"href":"https:\/\/tablaoflamencogranada.com\/de\/wp-json\/wp\/v2\/users\/1"}],"replies":[{"embeddable":true,"href":"https:\/\/tablaoflamencogranada.com\/de\/wp-json\/wp\/v2\/comments?post=8161"}],"version-history":[{"count":3,"href":"https:\/\/tablaoflamencogranada.com\/de\/wp-json\/wp\/v2\/pages\/8161\/revisions"}],"predecessor-version":[{"id":8676,"href":"https:\/\/tablaoflamencogranada.com\/de\/wp-json\/wp\/v2\/pages\/8161\/revisions\/8676"}],"wp:attachment":[{"href":"https:\/\/tablaoflamencogranada.com\/de\/wp-json\/wp\/v2\/media?parent=8161"}],"curies":[{"name":"wp","href":"https:\/\/api.w.org\/{rel}","templated":true}]}}