{"id":9081,"date":"2025-06-03T08:14:30","date_gmt":"2025-06-03T07:14:30","guid":{"rendered":"https:\/\/tablaoflamencogranada.com\/exklusive-services-fuer-reiseveranstalter-und-incentive-tourismus-mice"},"modified":"2025-06-09T12:23:45","modified_gmt":"2025-06-09T11:23:45","slug":"exklusive-services-fuer-reiseveranstalter-und-incentive-tourismus-mice","status":"publish","type":"page","link":"https:\/\/tablaoflamencogranada.com\/de\/exklusive-services-fuer-reiseveranstalter-und-incentive-tourismus-mice","title":{"rendered":"Exklusive Services f\u00fcr Reiseveranstalter und Incentive-Tourismus (MICE)"},"content":{"rendered":"\t\t<div data-elementor-type=\"wp-page\" data-elementor-id=\"9081\" class=\"elementor elementor-9081 elementor-8425\" data-elementor-post-type=\"page\">\n\t\t\t\t<div class=\"elementor-element elementor-element-562f134 e-flex e-con-boxed e-con e-parent\" data-id=\"562f134\" data-element_type=\"container\">\n\t\t\t\t\t<div class=\"e-con-inner\">\n\t\t\t\t<div class=\"elementor-element elementor-element-15b0e83 elementor-widget elementor-widget-heading\" data-id=\"15b0e83\" data-element_type=\"widget\" data-widget_type=\"heading.default\">\n\t\t\t\t\t<h1 class=\"elementor-heading-title elementor-size-default\">Exklusive Services f\u00fcr Reiseveranstalter und Incentive-Tourismus (MICE)<\/h1>\t\t\t\t<\/div>\n\t\t\t\t<div class=\"elementor-element elementor-element-59842e3 elementor-widget elementor-widget-text-editor\" data-id=\"59842e3\" data-element_type=\"widget\" data-widget_type=\"text-editor.default\">\n\t\t\t\t\t\t\t\t\t<p>Entdecken Sie ein authentisches Flamenco-Erlebnis im Herzen Granadas. Mit seiner reichen Geschichte, die bis ins Jahr 1971 zur\u00fcckreicht, bietet das Tablao Flamenco Albayz\u00edn einen einzigartigen kulturellen R\u00fcckzugsort f\u00fcr Gruppen, die das Wesen Andalusiens erleben m\u00f6chten. Nutzen Sie die Gelegenheit, unser renommiertes Tablao zu buchen und Ihren G\u00e4sten einen unvergesslichen Abend mit Panoramablick auf die Stadt zu bieten. Genie\u00dfen Sie eine Live-Flamenco-Show und exquisite lokale K\u00fcche in unserer Bar und unserem Restaurant.  <\/p><p><strong>Unsere Leistungen umfassen:<\/strong><\/p><p>Live-Flamenco-Show: Eine aufregende Show, die lokale Talente und die Flamenco-Tradition Granadas in den Mittelpunkt stellt.<br> Restaurant und Bar: Wir bieten eine Vielzahl an Speisem\u00f6glichkeiten f\u00fcr jeden Geschmack, von traditionellen Gerichten bis hin zu modernen Optionen.<br> Exklusive Veranstaltungsortreservierung: Die M\u00f6glichkeit, das gesamte Lokal f\u00fcr private Veranstaltungen zu reservieren und so ein pers\u00f6nliches und unvergessliches Erlebnis zu gew\u00e4hrleisten.<br> Erstklassige Lage: Unser Tablao liegt in einer ikonischen Gegend und verf\u00fcgt \u00fcber gro\u00dfe Fenster mit atemberaubender Aussicht auf Granada, die jeder Veranstaltung eine magische Note verleihen.<\/p><p>Wir passen unsere Dienstleistungen an die Bed\u00fcrfnisse von Reiseveranstaltern und Incentive-Reisegruppen an und sorgen f\u00fcr ein reibungsloses Management und ein au\u00dfergew\u00f6hnliches Erlebnis. Das Tablao Flamenco Albayz\u00edn bietet den perfekten Rahmen f\u00fcr ein kulturelles Eintauchen. Wir sind hier, um Ihre Veranstaltung zu einer bleibenden Erinnerung zu machen. <\/p><p>Kontaktieren Sie uns noch heute! Wir beantworten gerne Ihre Fragen und unterst\u00fctzen Sie bei der Planung Ihrer perfekten Veranstaltung. Klicken Sie unten, um Kontakt mit uns aufzunehmen und herauszufinden, wie wir Ihre Veranstaltung in Granada zu einem einzigartigen Erlebnis machen k\u00f6nnen.  <\/p>\t\t\t\t\t\t\t\t<\/div>\n\t\t\t\t<div class=\"elementor-element elementor-element-9425f41 elementor-widget elementor-widget-button\" data-id=\"9425f41\" data-element_type=\"widget\" data-widget_type=\"button.default\">\n\t\t\t\t\t\t\t\t\t\t<a class=\"elementor-button elementor-button-link elementor-size-sm\" href=\"https:\/\/tablaoflamencogranada.com\/de\/kontakt-us\" title=\"Contacta con nosotros\">\n\t\t\t\t\t\t<span class=\"elementor-button-content-wrapper\">\n\t\t\t\t\t\t\t\t\t<span class=\"elementor-button-text\">KONTAKTIEREN SIE UNS<\/span>\n\t\t\t\t\t<\/span>\n\t\t\t\t\t<\/a>\n\t\t\t\t\t\t\t\t<\/div>\n\t\t\t\t\t<\/div>\n\t\t\t\t<\/div>\n\t\t\t\t<\/div>\n\t\t","protected":false},"excerpt":{"rendered":"<p>Exklusive Services f\u00fcr Reiseveranstalter und Incentive-Tourismus (MICE) Entdecken Sie ein authentisches Flamenco-Erlebnis im Herzen Granadas. Mit seiner reichen Geschichte, die bis ins Jahr 1971 zur\u00fcckreicht, bietet das Tablao Flamenco Albayz\u00edn einen einzigartigen kulturellen R\u00fcckzugsort f\u00fcr Gruppen, die das Wesen Andalusiens erleben m\u00f6chten. Nutzen Sie die Gelegenheit, unser renommiertes Tablao zu buchen und Ihren G\u00e4sten einen [&hellip;]<\/p>\n","protected":false},"author":1,"featured_media":0,"parent":0,"menu_order":0,"comment_status":"closed","ping_status":"closed","template":"","meta":{"footnotes":""},"class_list":["post-9081","page","type-page","status-publish","hentry"],"_links":{"self":[{"href":"https:\/\/tablaoflamencogranada.com\/de\/wp-json\/wp\/v2\/pages\/9081","targetHints":{"allow":["GET"]}}],"collection":[{"href":"https:\/\/tablaoflamencogranada.com\/de\/wp-json\/wp\/v2\/pages"}],"about":[{"href":"https:\/\/tablaoflamencogranada.com\/de\/wp-json\/wp\/v2\/types\/page"}],"author":[{"embeddable":true,"href":"https:\/\/tablaoflamencogranada.com\/de\/wp-json\/wp\/v2\/users\/1"}],"replies":[{"embeddable":true,"href":"https:\/\/tablaoflamencogranada.com\/de\/wp-json\/wp\/v2\/comments?post=9081"}],"version-history":[{"count":5,"href":"https:\/\/tablaoflamencogranada.com\/de\/wp-json\/wp\/v2\/pages\/9081\/revisions"}],"predecessor-version":[{"id":9293,"href":"https:\/\/tablaoflamencogranada.com\/de\/wp-json\/wp\/v2\/pages\/9081\/revisions\/9293"}],"wp:attachment":[{"href":"https:\/\/tablaoflamencogranada.com\/de\/wp-json\/wp\/v2\/media?parent=9081"}],"curies":[{"name":"wp","href":"https:\/\/api.w.org\/{rel}","templated":true}]}}