{"id":1331,"date":"2023-02-18T19:30:42","date_gmt":"2023-02-18T18:30:42","guid":{"rendered":"https:\/\/tablaoflamencogranada.com\/avis-juridique"},"modified":"2025-05-09T17:00:50","modified_gmt":"2025-05-09T16:00:50","slug":"avis-juridique","status":"publish","type":"page","link":"https:\/\/tablaoflamencogranada.com\/fr\/avis-juridique","title":{"rendered":"Avis juridique"},"content":{"rendered":"\t\t<div data-elementor-type=\"wp-page\" data-elementor-id=\"1331\" class=\"elementor elementor-1331 elementor-545\" data-elementor-post-type=\"page\">\n\t\t\t\t<div class=\"elementor-element elementor-element-500a90c e-flex e-con-boxed e-con e-parent\" data-id=\"500a90c\" data-element_type=\"container\">\n\t\t\t\t\t<div class=\"e-con-inner\">\n\t\t\t\t<div class=\"elementor-element elementor-element-034ad93 elementor-widget elementor-widget-heading\" data-id=\"034ad93\" data-element_type=\"widget\" data-widget_type=\"heading.default\">\n\t\t\t\t\t<h1 class=\"elementor-heading-title elementor-size-default\">Avis juridique<\/h1>\t\t\t\t<\/div>\n\t\t\t\t\t<\/div>\n\t\t\t\t<\/div>\n\t\t<div class=\"elementor-element elementor-element-2a354e55 e-flex e-con-boxed e-con e-parent\" data-id=\"2a354e55\" data-element_type=\"container\">\n\t\t\t\t\t<div class=\"e-con-inner\">\n\t\t\t\t<div class=\"elementor-element elementor-element-6325a7a elementor-widget elementor-widget-text-editor\" data-id=\"6325a7a\" data-element_type=\"widget\" data-widget_type=\"text-editor.default\">\n\t\t\t\t\t\t\t\t\t  <h2>1. identifier les donn\u00e9es<\/h2>\n  <p>\n  Conform\u00e9ment aux dispositions de la loi 34\/2002, du 11 juillet, sur les services de la soci\u00e9t\u00e9 de l&rsquo;information et le commerce \u00e9lectronique (LSSI-CE), nous vous informons que ce site web est la propri\u00e9t\u00e9 de <strong>Zambra los Amayas S.L.<\/strong>, dont le <strong>num\u00e9ro d&rsquo;identification fiscale est B93584043<\/strong>, et dont le si\u00e8ge social est situ\u00e9 <strong>Carretera de Murcia s\/n, Mirador de San Crist\u00f3bal (Albaic\u00edn), 18010 Granada.<\/strong>\n  <\/p>\n  <p>\n  L&rsquo;acc\u00e8s et l&rsquo;utilisation de ce site sont gratuits et attribuent la condition d&rsquo;utilisateur \u00e0 toute personne qui le parcourt en s&rsquo;engageant \u00e0 respecter les dispositions du pr\u00e9sent avis juridique et de la r\u00e9glementation en vigueur.\n  <\/p>\n\n  <h2>2. Propri\u00e9t\u00e9 intellectuelle et industrielle<\/h2>\n  <p>\n  Tous les contenus du site Web (textes, images, dessins, logos, code source, structure, etc.) sont la propri\u00e9t\u00e9 exclusive de <strong>Zambra los Amayas S.L.<\/strong>, ou font l&rsquo;objet d&rsquo;une licence ou d&rsquo;une autorisation expresse d&rsquo;utilisation. Ils sont prot\u00e9g\u00e9s par la l\u00e9gislation sur la propri\u00e9t\u00e9 intellectuelle et industrielle. \n  <\/p>\n  <p>\n  La reproduction totale ou partielle, la distribution, la communication publique ou toute autre forme d&rsquo;utilisation des contenus sans l&rsquo;autorisation \u00e9crite pr\u00e9alable de Zambra los Amayas S.L. est express\u00e9ment interdite.\n  <\/p>\n  <p>\n  L&rsquo;utilisation de liens vers le site web est autoris\u00e9e, \u00e0 condition qu&rsquo;il ne soit pas fait un usage abusif de son image, de sa marque ou de son contenu, et que les droits du propri\u00e9taire ne soient pas enfreints.\n  <\/p>\n\n  <h2>3. Clause de non-responsabilit\u00e9<\/h2>\n  <p>\n  Zambra los Amayas S.L. d\u00e9cline toute responsabilit\u00e9 pour les contenus introduits par des tiers ou pour toute erreur ou omission dans les contenus du site Web, ainsi que pour tout dommage pouvant r\u00e9sulter de l&rsquo;utilisation des informations qui y sont contenues.\n  <\/p>\n\n  <h2>4. Utilisation de cookies<\/h2>\n  <p>\n  Ce site web peut utiliser des cookies techniques pour faciliter la navigation et assurer le bon fonctionnement du site. Les cookies ne sont en aucun cas utilis\u00e9s \u00e0 des fins publicitaires sans le consentement de l&rsquo;utilisateur. L&rsquo;utilisateur peut configurer son navigateur pour g\u00e9rer ou bloquer les cookies.  \n  <\/p>\n\n  <h2>5. Liens avec des tiers<\/h2>\n  <p>\n  Ce site web peut inclure des liens vers des sites externes. Zambra los Amayas S.L. n&rsquo;est pas responsable du contenu ou du fonctionnement de ces sites tiers. Si un contenu inappropri\u00e9 est d\u00e9tect\u00e9, il sera imm\u00e9diatement supprim\u00e9 et, le cas \u00e9ch\u00e9ant, les autorit\u00e9s comp\u00e9tentes seront inform\u00e9es.  \n  <\/p>\n\n  <h2>6. Adresses IP<\/h2>\n  <p>\n  Les serveurs du site peuvent d\u00e9tecter automatiquement l&rsquo;adresse IP utilis\u00e9e par l&rsquo;utilisateur \u00e0 des fins statistiques, telles que le nombre de visites ou l&rsquo;ordre d&rsquo;acc\u00e8s aux pages.\n  <\/p>\n\n  <h2>7. Droit applicable et juridiction<\/h2>\n  <p>\n  Le pr\u00e9sent avis juridique est r\u00e9gi par la l\u00e9gislation espagnole. Pour la r\u00e9solution de tout litige pouvant survenir en relation avec l&rsquo;acc\u00e8s ou l&rsquo;utilisation du site web, les deux parties se soumettent aux Cours et Tribunaux de Grenade, renon\u00e7ant express\u00e9ment \u00e0 toute autre juridiction qui pourrait leur correspondre. \n  <\/p>\t\t\t\t\t\t\t\t<\/div>\n\t\t\t\t\t<\/div>\n\t\t\t\t<\/div>\n\t\t\t\t<\/div>\n\t\t","protected":false},"excerpt":{"rendered":"<p>Avis juridique 1. identifier les donn\u00e9es Conform\u00e9ment aux dispositions de la loi 34\/2002, du 11 juillet, sur les services de la soci\u00e9t\u00e9 de l&rsquo;information et le commerce \u00e9lectronique (LSSI-CE), nous vous informons que ce site web est la propri\u00e9t\u00e9 de Zambra los Amayas S.L., dont le num\u00e9ro d&rsquo;identification fiscale est B93584043, et dont le si\u00e8ge [&hellip;]<\/p>\n","protected":false},"author":1,"featured_media":0,"parent":0,"menu_order":0,"comment_status":"closed","ping_status":"closed","template":"","meta":{"footnotes":""},"class_list":["post-1331","page","type-page","status-publish","hentry"],"_links":{"self":[{"href":"https:\/\/tablaoflamencogranada.com\/fr\/wp-json\/wp\/v2\/pages\/1331","targetHints":{"allow":["GET"]}}],"collection":[{"href":"https:\/\/tablaoflamencogranada.com\/fr\/wp-json\/wp\/v2\/pages"}],"about":[{"href":"https:\/\/tablaoflamencogranada.com\/fr\/wp-json\/wp\/v2\/types\/page"}],"author":[{"embeddable":true,"href":"https:\/\/tablaoflamencogranada.com\/fr\/wp-json\/wp\/v2\/users\/1"}],"replies":[{"embeddable":true,"href":"https:\/\/tablaoflamencogranada.com\/fr\/wp-json\/wp\/v2\/comments?post=1331"}],"version-history":[{"count":3,"href":"https:\/\/tablaoflamencogranada.com\/fr\/wp-json\/wp\/v2\/pages\/1331\/revisions"}],"predecessor-version":[{"id":4213,"href":"https:\/\/tablaoflamencogranada.com\/fr\/wp-json\/wp\/v2\/pages\/1331\/revisions\/4213"}],"wp:attachment":[{"href":"https:\/\/tablaoflamencogranada.com\/fr\/wp-json\/wp\/v2\/media?parent=1331"}],"curies":[{"name":"wp","href":"https:\/\/api.w.org\/{rel}","templated":true}]}}