{"id":8163,"date":"2025-05-31T10:47:24","date_gmt":"2025-05-31T09:47:24","guid":{"rendered":"https:\/\/tablaoflamencogranada.com\/comment-se-rendre-a-notre-tablao"},"modified":"2025-06-05T13:07:24","modified_gmt":"2025-06-05T12:07:24","slug":"comment-se-rendre-a-notre-tablao","status":"publish","type":"page","link":"https:\/\/tablaoflamencogranada.com\/fr\/comment-se-rendre-a-notre-tablao","title":{"rendered":"Comment se rendre \u00e0 notre tablao"},"content":{"rendered":"\t\t<div data-elementor-type=\"wp-page\" data-elementor-id=\"8163\" class=\"elementor elementor-8163 elementor-8129\" data-elementor-post-type=\"page\">\n\t\t\t\t<div class=\"elementor-element elementor-element-4d51d1f e-flex e-con-boxed e-con e-parent\" data-id=\"4d51d1f\" data-element_type=\"container\" data-settings=\"{&quot;background_background&quot;:&quot;classic&quot;}\">\n\t\t\t\t\t<div class=\"e-con-inner\">\n\t\t\t\t<div class=\"elementor-element elementor-element-9a8b027 elementor-widget elementor-widget-breadcrumbs\" data-id=\"9a8b027\" data-element_type=\"widget\" data-widget_type=\"breadcrumbs.default\">\n\t\t\t\t<div class=\"elementor-widget-container\">\n\t\t\t\t\t<nav aria-label=\"breadcrumbs\" class=\"rank-math-breadcrumb\"><p><span class=\"last\">Accueil<\/span><\/p><\/nav>\t\t\t\t<\/div>\n\t\t\t\t<\/div>\n\t\t\t\t<div class=\"elementor-element elementor-element-7ca18c5 elementor-widget elementor-widget-heading\" data-id=\"7ca18c5\" data-element_type=\"widget\" data-widget_type=\"heading.default\">\n\t\t\t\t\t<h1 class=\"elementor-heading-title elementor-size-default\">Comment se rendre \u00e0 notre tablao<\/h1>\t\t\t\t<\/div>\n\t\t\t\t\t<\/div>\n\t\t\t\t<\/div>\n\t\t<div class=\"elementor-element elementor-element-ed6d92f e-flex e-con-boxed e-con e-parent\" data-id=\"ed6d92f\" data-element_type=\"container\" data-settings=\"{&quot;background_background&quot;:&quot;classic&quot;}\">\n\t\t\t\t\t<div class=\"e-con-inner\">\n\t\t\t\t<div class=\"elementor-element elementor-element-ae5147d elementor-widget elementor-widget-text-editor\" data-id=\"ae5147d\" data-element_type=\"widget\" data-widget_type=\"text-editor.default\">\n\t\t\t\t\t\t\t\t\t<p>Notre tablao est situ\u00e9 <strong>au c\u0153ur du Mirador San Crist\u00f3bal<\/strong> , plus pr\u00e9cis\u00e9ment sur la Carretera de Murcia SN. En plus de notre spectacle de flamenco, vous pourrez profiter d&rsquo;une vue magnifique sur Grenade et l&rsquo;Alhambra. Notre toit-terrasse offre une vue panoramique sur Grenade et vous permettra de d\u00e9guster une boisson rafra\u00eechissante.    <\/p><p>Ci-dessous, nous vous laissons quelques indications pour y acc\u00e9der facilement \u00e0 partir de diff\u00e9rents points de r\u00e9f\u00e9rence :<\/p>\t\t\t\t\t\t\t\t<\/div>\n\t\t\t\t<div class=\"elementor-element elementor-element-70c11f1 elementor-widget elementor-widget-google_maps\" data-id=\"70c11f1\" data-element_type=\"widget\" data-widget_type=\"google_maps.default\">\n\t\t\t\t\t\t\t<div class=\"elementor-custom-embed\">\n\t\t\t<iframe loading=\"lazy\"\n\t\t\t\t\tsrc=\"https:\/\/maps.google.com\/maps?q=Tablao%20flamenco%20albayzin&#038;t=m&#038;z=10&#038;output=embed&#038;iwloc=near\"\n\t\t\t\t\ttitle=\"Tablao flamenco albayzin\"\n\t\t\t\t\taria-label=\"Tablao flamenco albayzin\"\n\t\t\t><\/iframe>\n\t\t<\/div>\n\t\t\t\t\t\t<\/div>\n\t\t<div class=\"elementor-element elementor-element-8540f93 e-con-full e-flex e-con e-child\" data-id=\"8540f93\" data-element_type=\"container\">\n\t\t<div class=\"elementor-element elementor-element-d55136a e-con-full e-flex e-con e-child\" data-id=\"d55136a\" data-element_type=\"container\" data-settings=\"{&quot;background_background&quot;:&quot;classic&quot;}\">\n\t\t\t\t<div class=\"elementor-element elementor-element-c63e0a1 elementor-widget elementor-widget-heading\" data-id=\"c63e0a1\" data-element_type=\"widget\" data-widget_type=\"heading.default\">\n\t\t\t\t\t<h2 class=\"elementor-heading-title elementor-size-default\">Depuis la Plaza Nueva<\/h2>\t\t\t\t<\/div>\n\t\t<div class=\"elementor-element elementor-element-09a5288 e-con-full e-flex e-con e-child\" data-id=\"09a5288\" data-element_type=\"container\">\n\t\t<div class=\"elementor-element elementor-element-e695335 e-con-full e-flex e-con e-child\" data-id=\"e695335\" data-element_type=\"container\">\n\t\t\t\t<div class=\"elementor-element elementor-element-5458fea elementor-widget elementor-widget-heading\" data-id=\"5458fea\" data-element_type=\"widget\" data-widget_type=\"heading.default\">\n\t\t\t\t\t<h2 class=\"elementor-heading-title elementor-size-default\">Marche<\/h2>\t\t\t\t<\/div>\n\t\t\t\t<div class=\"elementor-element elementor-element-3993c66 elementor-icon-list--layout-inline elementor-list-item-link-full_width elementor-widget elementor-widget-icon-list\" data-id=\"3993c66\" data-element_type=\"widget\" data-widget_type=\"icon-list.default\">\n\t\t\t\t\t\t\t<ul class=\"elementor-icon-list-items elementor-inline-items\">\n\t\t\t\t\t\t\t<li class=\"elementor-icon-list-item elementor-inline-item\">\n\t\t\t\t\t\t\t\t\t\t\t<span class=\"elementor-icon-list-icon\">\n\t\t\t\t\t\t\t<i aria-hidden=\"true\" class=\"far fa-clock\"><\/i>\t\t\t\t\t\t<\/span>\n\t\t\t\t\t\t\t\t\t\t<span class=\"elementor-icon-list-text\">16 minutes<\/span>\n\t\t\t\t\t\t\t\t\t<\/li>\n\t\t\t\t\t\t\t\t<li class=\"elementor-icon-list-item elementor-inline-item\">\n\t\t\t\t\t\t\t\t\t\t\t<span class=\"elementor-icon-list-icon\">\n\t\t\t\t\t\t\t<i aria-hidden=\"true\" class=\"fas fa-walking\"><\/i>\t\t\t\t\t\t<\/span>\n\t\t\t\t\t\t\t\t\t\t<span class=\"elementor-icon-list-text\">950 m<\/span>\n\t\t\t\t\t\t\t\t\t<\/li>\n\t\t\t\t\t\t<\/ul>\n\t\t\t\t\t\t<\/div>\n\t\t\t\t<div class=\"elementor-element elementor-element-6d5fd5c elementor-widget elementor-widget-text-editor\" data-id=\"6d5fd5c\" data-element_type=\"widget\" data-widget_type=\"text-editor.default\">\n\t\t\t\t\t\t\t\t\t<ul>\n  <li>Sortez de <strong>Plaza Nueva<\/strong> par <strong>la Calle C\u00e1rcel Alta<\/strong> et continuez tout droit.<\/li>\n  <li>Continuez le long de la <strong>Cuesta de Mara\u00f1as<\/strong> .<\/li>\n  <li>Continuez le long de la <strong>Canvas Lane<\/strong> .<\/li>\n  <li>Descendez la <strong>Cuesta de Alhacaba<\/strong> .<\/li>\n  <li>Montez les escaliers jusqu&rsquo;\u00e0 <strong>Cuesta de San Crist\u00f3bal<\/strong> .<\/li>\n  <li>Tournez \u00e0 droite sur <strong>Veredilla de San Crist\u00f3bal<\/strong> .<\/li>\n  <li>Arriv\u00e9e \u00e0 la <strong>Plaza Mirador de San Crist\u00f3bal<\/strong> .<\/li>\n  <li>Le <strong>Tablao Flamenco Albayz\u00edn<\/strong> se trouve \u00e0 c\u00f4t\u00e9 du point de vue.<\/li>\n<\/ul>\t\t\t\t\t\t\t\t<\/div>\n\t\t\t\t<\/div>\n\t\t<div class=\"elementor-element elementor-element-e4228f0 e-con-full e-flex e-con e-child\" data-id=\"e4228f0\" data-element_type=\"container\">\n\t\t\t\t<div class=\"elementor-element elementor-element-a202cdc elementor-widget elementor-widget-heading\" data-id=\"a202cdc\" data-element_type=\"widget\" data-widget_type=\"heading.default\">\n\t\t\t\t\t<h2 class=\"elementor-heading-title elementor-size-default\">En voiture<\/h2>\t\t\t\t<\/div>\n\t\t\t\t<div class=\"elementor-element elementor-element-f0773d6 elementor-icon-list--layout-inline elementor-list-item-link-full_width elementor-widget elementor-widget-icon-list\" data-id=\"f0773d6\" data-element_type=\"widget\" data-widget_type=\"icon-list.default\">\n\t\t\t\t\t\t\t<ul class=\"elementor-icon-list-items elementor-inline-items\">\n\t\t\t\t\t\t\t<li class=\"elementor-icon-list-item elementor-inline-item\">\n\t\t\t\t\t\t\t\t\t\t\t<span class=\"elementor-icon-list-icon\">\n\t\t\t\t\t\t\t<i aria-hidden=\"true\" class=\"far fa-clock\"><\/i>\t\t\t\t\t\t<\/span>\n\t\t\t\t\t\t\t\t\t\t<span class=\"elementor-icon-list-text\">16 minutes<\/span>\n\t\t\t\t\t\t\t\t\t<\/li>\n\t\t\t\t\t\t\t\t<li class=\"elementor-icon-list-item elementor-inline-item\">\n\t\t\t\t\t\t\t\t\t\t\t<span class=\"elementor-icon-list-icon\">\n\t\t\t\t\t\t\t<i aria-hidden=\"true\" class=\"fas fa-parking\"><\/i>\t\t\t\t\t\t<\/span>\n\t\t\t\t\t\t\t\t\t\t<span class=\"elementor-icon-list-text\">Parking disponible<\/span>\n\t\t\t\t\t\t\t\t\t<\/li>\n\t\t\t\t\t\t<\/ul>\n\t\t\t\t\t\t<\/div>\n\t\t\t\t<div class=\"elementor-element elementor-element-140d2e8 elementor-widget elementor-widget-text-editor\" data-id=\"140d2e8\" data-element_type=\"widget\" data-widget_type=\"text-editor.default\">\n\t\t\t\t\t\t\t\t\t<ul><li>Depuis la Plaza Nueva, dirigez-vous vers la Calle C\u00e1rcel Baja et tournez \u00e0 droite dans Gran V\u00eda de Col\u00f3n.<\/li><li>Dirigez-vous vers Albaic\u00edn via Cervezas Alhambra vers Carretera de Murcia.<\/li><li>Garez-vous sur le parking \u00ab San Crist\u00f3bal \u00bb.  <\/li><li>Nous sommes juste en face de la rue.  <\/li><\/ul>\t\t\t\t\t\t\t\t<\/div>\n\t\t\t\t<\/div>\n\t\t<div class=\"elementor-element elementor-element-0dc104e e-con-full e-flex e-con e-child\" data-id=\"0dc104e\" data-element_type=\"container\">\n\t\t\t\t<div class=\"elementor-element elementor-element-fadd73c elementor-widget elementor-widget-heading\" data-id=\"fadd73c\" data-element_type=\"widget\" data-widget_type=\"heading.default\">\n\t\t\t\t\t<h2 class=\"elementor-heading-title elementor-size-default\">En bus<\/h2>\t\t\t\t<\/div>\n\t\t\t\t<div class=\"elementor-element elementor-element-fddb5c1 elementor-icon-list--layout-inline elementor-list-item-link-full_width elementor-widget elementor-widget-icon-list\" data-id=\"fddb5c1\" data-element_type=\"widget\" data-widget_type=\"icon-list.default\">\n\t\t\t\t\t\t\t<ul class=\"elementor-icon-list-items elementor-inline-items\">\n\t\t\t\t\t\t\t<li class=\"elementor-icon-list-item elementor-inline-item\">\n\t\t\t\t\t\t\t\t\t\t\t<span class=\"elementor-icon-list-icon\">\n\t\t\t\t\t\t\t<i aria-hidden=\"true\" class=\"far fa-clock\"><\/i>\t\t\t\t\t\t<\/span>\n\t\t\t\t\t\t\t\t\t\t<span class=\"elementor-icon-list-text\">8 minutes<\/span>\n\t\t\t\t\t\t\t\t\t<\/li>\n\t\t\t\t\t\t<\/ul>\n\t\t\t\t\t\t<\/div>\n\t\t\t\t<div class=\"elementor-element elementor-element-e0a863c elementor-widget elementor-widget-text-editor\" data-id=\"e0a863c\" data-element_type=\"widget\" data-widget_type=\"text-editor.default\">\n\t\t\t\t\t\t\t\t\t<ul><li>Depuis la Plaza Nueva, dirigez-vous vers l&rsquo;arr\u00eat de bus Plaza Nueva et prenez le bus C32 ou C34 (ce sont des lignes sp\u00e9cifiques pour l&rsquo;Albaic\u00edn).<\/li><li>Descendez \u00e0 l&rsquo;arr\u00eat Carretera de Murcia 47 ou 55.<\/li><li>A pied vous \u00eates \u00e0 moins de 90 m\u00e8tres.<\/li><\/ul>\t\t\t\t\t\t\t\t<\/div>\n\t\t\t\t<\/div>\n\t\t\t\t<\/div>\n\t\t\t\t<\/div>\n\t\t<div class=\"elementor-element elementor-element-e7570b0 e-con-full e-flex e-con e-child\" data-id=\"e7570b0\" data-element_type=\"container\" data-settings=\"{&quot;background_background&quot;:&quot;classic&quot;}\">\n\t\t\t\t<div class=\"elementor-element elementor-element-3e9192c elementor-widget elementor-widget-heading\" data-id=\"3e9192c\" data-element_type=\"widget\" data-widget_type=\"heading.default\">\n\t\t\t\t\t<h2 class=\"elementor-heading-title elementor-size-default\">Autres lieux<\/h2>\t\t\t\t<\/div>\n\t\t<div class=\"elementor-element elementor-element-14c3c39 e-con-full e-flex e-con e-child\" data-id=\"14c3c39\" data-element_type=\"container\">\n\t\t<div class=\"elementor-element elementor-element-e74f0ba e-con-full e-flex e-con e-child\" data-id=\"e74f0ba\" data-element_type=\"container\">\n\t\t\t\t<div class=\"elementor-element elementor-element-e487773 elementor-widget elementor-widget-heading\" data-id=\"e487773\" data-element_type=\"widget\" data-widget_type=\"heading.default\">\n\t\t\t\t\t<h2 class=\"elementor-heading-title elementor-size-default\">En bus<\/h2>\t\t\t\t<\/div>\n\t\t\t\t<div class=\"elementor-element elementor-element-656cd4e elementor-widget elementor-widget-text-editor\" data-id=\"656cd4e\" data-element_type=\"widget\" data-widget_type=\"text-editor.default\">\n\t\t\t\t\t\t\t\t\t<p>Vous pouvez facilement rejoindre notre tablao en bus depuis presque n&rsquo;importe quel endroit de Grenade gr\u00e2ce aux lignes N8 et N9. Descendez \u00e0 l&rsquo;arr\u00eat Carretera de Murcia 55 et vous serez devant notre b\u00e2timent.<\/p>\t\t\t\t\t\t\t\t<\/div>\n\t\t\t\t<\/div>\n\t\t\t\t<\/div>\n\t\t\t\t<\/div>\n\t\t\t\t<\/div>\n\t\t\t\t\t<\/div>\n\t\t\t\t<\/div>\n\t\t\t\t<\/div>\n\t\t","protected":false},"excerpt":{"rendered":"<p>Inicio Comment se rendre \u00e0 notre tablao Notre tablao est situ\u00e9 au c\u0153ur du Mirador San Crist\u00f3bal , plus pr\u00e9cis\u00e9ment sur la Carretera de Murcia SN. En plus de notre spectacle de flamenco, vous pourrez profiter d&rsquo;une vue magnifique sur Grenade et l&rsquo;Alhambra. Notre toit-terrasse offre une vue panoramique sur Grenade et vous permettra de [&hellip;]<\/p>\n","protected":false},"author":1,"featured_media":0,"parent":0,"menu_order":0,"comment_status":"closed","ping_status":"closed","template":"","meta":{"footnotes":""},"class_list":["post-8163","page","type-page","status-publish","hentry"],"_links":{"self":[{"href":"https:\/\/tablaoflamencogranada.com\/fr\/wp-json\/wp\/v2\/pages\/8163","targetHints":{"allow":["GET"]}}],"collection":[{"href":"https:\/\/tablaoflamencogranada.com\/fr\/wp-json\/wp\/v2\/pages"}],"about":[{"href":"https:\/\/tablaoflamencogranada.com\/fr\/wp-json\/wp\/v2\/types\/page"}],"author":[{"embeddable":true,"href":"https:\/\/tablaoflamencogranada.com\/fr\/wp-json\/wp\/v2\/users\/1"}],"replies":[{"embeddable":true,"href":"https:\/\/tablaoflamencogranada.com\/fr\/wp-json\/wp\/v2\/comments?post=8163"}],"version-history":[{"count":3,"href":"https:\/\/tablaoflamencogranada.com\/fr\/wp-json\/wp\/v2\/pages\/8163\/revisions"}],"predecessor-version":[{"id":8678,"href":"https:\/\/tablaoflamencogranada.com\/fr\/wp-json\/wp\/v2\/pages\/8163\/revisions\/8678"}],"wp:attachment":[{"href":"https:\/\/tablaoflamencogranada.com\/fr\/wp-json\/wp\/v2\/media?parent=8163"}],"curies":[{"name":"wp","href":"https:\/\/api.w.org\/{rel}","templated":true}]}}