{"id":9092,"date":"2025-06-03T08:14:30","date_gmt":"2025-06-03T07:14:30","guid":{"rendered":"https:\/\/tablaoflamencogranada.com\/services-exclusifs-pour-les-tour-operateurs-et-le-tourisme-de-motivation-mice"},"modified":"2025-06-09T08:33:52","modified_gmt":"2025-06-09T07:33:52","slug":"services-exclusifs-pour-les-tour-operateurs-et-le-tourisme-de-motivation-mice","status":"publish","type":"page","link":"https:\/\/tablaoflamencogranada.com\/fr\/services-exclusifs-pour-les-tour-operateurs-et-le-tourisme-de-motivation-mice","title":{"rendered":"Services exclusifs pour les tour-op\u00e9rateurs et le tourisme de motivation (MICE)"},"content":{"rendered":"\t\t<div data-elementor-type=\"wp-page\" data-elementor-id=\"9092\" class=\"elementor elementor-9092 elementor-8425\" data-elementor-post-type=\"page\">\n\t\t\t\t<div class=\"elementor-element elementor-element-562f134 e-flex e-con-boxed e-con e-parent\" data-id=\"562f134\" data-element_type=\"container\">\n\t\t\t\t\t<div class=\"e-con-inner\">\n\t\t\t\t<div class=\"elementor-element elementor-element-15b0e83 elementor-widget elementor-widget-heading\" data-id=\"15b0e83\" data-element_type=\"widget\" data-widget_type=\"heading.default\">\n\t\t\t\t\t<h1 class=\"elementor-heading-title elementor-size-default\">Services exclusifs pour les tour-op\u00e9rateurs et le tourisme de motivation (MICE)<\/h1>\t\t\t\t<\/div>\n\t\t\t\t<div class=\"elementor-element elementor-element-59842e3 elementor-widget elementor-widget-text-editor\" data-id=\"59842e3\" data-element_type=\"widget\" data-widget_type=\"text-editor.default\">\n\t\t\t\t\t\t\t\t\t<p>D\u00e9couvrez une exp\u00e9rience flamenco authentique au c\u0153ur de Grenade. Riche d&rsquo;une riche histoire remontant \u00e0 1971, le Tablao Flamenco Albayz\u00edn offre une escapade culturelle unique aux groupes en qu\u00eate de l&rsquo;essence de l&rsquo;Andalousie. Profitez de l&rsquo;occasion pour r\u00e9server notre prestigieux tablao et offrez \u00e0 vos invit\u00e9s une soir\u00e9e inoubliable avec vue panoramique sur la ville, tout en profitant d&rsquo;un spectacle de flamenco en direct et d&rsquo;une cuisine locale exquise dans notre bar-restaurant.  <\/p><p><strong>Nos services comprennent :<\/strong><\/p><p>Spectacle de flamenco en direct : un spectacle passionnant mettant en valeur les talents locaux et la tradition flamenco de Grenade.<br> Restaurant et Bar : Nous proposons une vari\u00e9t\u00e9 d&rsquo;options de restauration pour tous les go\u00fbts, des plats traditionnels aux options contemporaines.<br> R\u00e9servation de lieu exclusif : La possibilit\u00e9 de r\u00e9server l&rsquo;ensemble de l&rsquo;\u00e9tablissement pour des \u00e9v\u00e9nements priv\u00e9s, garantissant une exp\u00e9rience personnalis\u00e9e et m\u00e9morable.<br> Emplacement privil\u00e9gi\u00e9 : Situ\u00e9 dans un quartier embl\u00e9matique, notre tablao dispose de grandes fen\u00eatres offrant une vue imprenable sur Grenade, ajoutant une touche magique \u00e0 tout \u00e9v\u00e9nement.<\/p><p>Nous adaptons nos services aux besoins des tour-op\u00e9rateurs et des groupes de tourisme incentive, garantissant une gestion fluide et une exp\u00e9rience exceptionnelle. Le Tablao Flamenco Albayz\u00edn est le cadre id\u00e9al pour une immersion culturelle, et nous sommes l\u00e0 pour faire de votre \u00e9v\u00e9nement un souvenir inoubliable. <\/p><p>Contactez-nous d\u00e8s aujourd&rsquo;hui&nbsp;! Nous sommes l\u00e0 pour r\u00e9pondre \u00e0 toutes vos questions et vous aider \u00e0 organiser l&rsquo;\u00e9v\u00e9nement id\u00e9al. Cliquez sur le bouton ci-dessous pour nous contacter et d\u00e9couvrir comment nous pouvons faire de votre \u00e9v\u00e9nement \u00e0 Grenade une exp\u00e9rience unique.  <\/p>\t\t\t\t\t\t\t\t<\/div>\n\t\t\t\t<div class=\"elementor-element elementor-element-9425f41 elementor-widget elementor-widget-button\" data-id=\"9425f41\" data-element_type=\"widget\" data-widget_type=\"button.default\">\n\t\t\t\t\t\t\t\t\t\t<a class=\"elementor-button elementor-button-link elementor-size-sm\" href=\"https:\/\/tablaoflamencogranada.com\/fr\/contactez-nous\" title=\"Contacta con nosotros\">\n\t\t\t\t\t\t<span class=\"elementor-button-content-wrapper\">\n\t\t\t\t\t\t\t\t\t<span class=\"elementor-button-text\">CONTACTEZ-NOUS<\/span>\n\t\t\t\t\t<\/span>\n\t\t\t\t\t<\/a>\n\t\t\t\t\t\t\t\t<\/div>\n\t\t\t\t\t<\/div>\n\t\t\t\t<\/div>\n\t\t\t\t<\/div>\n\t\t","protected":false},"excerpt":{"rendered":"<p>Services exclusifs pour les tour-op\u00e9rateurs et le tourisme de motivation (MICE) D\u00e9couvrez une exp\u00e9rience flamenco authentique au c\u0153ur de Grenade. Riche d&rsquo;une riche histoire remontant \u00e0 1971, le Tablao Flamenco Albayz\u00edn offre une escapade culturelle unique aux groupes en qu\u00eate de l&rsquo;essence de l&rsquo;Andalousie. Profitez de l&rsquo;occasion pour r\u00e9server notre prestigieux tablao et offrez \u00e0 [&hellip;]<\/p>\n","protected":false},"author":1,"featured_media":0,"parent":0,"menu_order":0,"comment_status":"closed","ping_status":"closed","template":"","meta":{"footnotes":""},"class_list":["post-9092","page","type-page","status-publish","hentry"],"_links":{"self":[{"href":"https:\/\/tablaoflamencogranada.com\/fr\/wp-json\/wp\/v2\/pages\/9092","targetHints":{"allow":["GET"]}}],"collection":[{"href":"https:\/\/tablaoflamencogranada.com\/fr\/wp-json\/wp\/v2\/pages"}],"about":[{"href":"https:\/\/tablaoflamencogranada.com\/fr\/wp-json\/wp\/v2\/types\/page"}],"author":[{"embeddable":true,"href":"https:\/\/tablaoflamencogranada.com\/fr\/wp-json\/wp\/v2\/users\/1"}],"replies":[{"embeddable":true,"href":"https:\/\/tablaoflamencogranada.com\/fr\/wp-json\/wp\/v2\/comments?post=9092"}],"version-history":[{"count":5,"href":"https:\/\/tablaoflamencogranada.com\/fr\/wp-json\/wp\/v2\/pages\/9092\/revisions"}],"predecessor-version":[{"id":9269,"href":"https:\/\/tablaoflamencogranada.com\/fr\/wp-json\/wp\/v2\/pages\/9092\/revisions\/9269"}],"wp:attachment":[{"href":"https:\/\/tablaoflamencogranada.com\/fr\/wp-json\/wp\/v2\/media?parent=9092"}],"curies":[{"name":"wp","href":"https:\/\/api.w.org\/{rel}","templated":true}]}}