{"id":2331,"date":"2023-02-18T19:30:42","date_gmt":"2023-02-18T18:30:42","guid":{"rendered":"https:\/\/tablaoflamencogranada.com\/avviso-legale\/"},"modified":"2025-05-09T17:00:56","modified_gmt":"2025-05-09T16:00:56","slug":"avviso-legale","status":"publish","type":"page","link":"https:\/\/tablaoflamencogranada.com\/it\/avviso-legale","title":{"rendered":"Avviso legale"},"content":{"rendered":"\t\t<div data-elementor-type=\"wp-page\" data-elementor-id=\"2331\" class=\"elementor elementor-2331 elementor-545\" data-elementor-post-type=\"page\">\n\t\t\t\t<div class=\"elementor-element elementor-element-500a90c e-flex e-con-boxed e-con e-parent\" data-id=\"500a90c\" data-element_type=\"container\">\n\t\t\t\t\t<div class=\"e-con-inner\">\n\t\t\t\t<div class=\"elementor-element elementor-element-034ad93 elementor-widget elementor-widget-heading\" data-id=\"034ad93\" data-element_type=\"widget\" data-widget_type=\"heading.default\">\n\t\t\t\t\t<h1 class=\"elementor-heading-title elementor-size-default\">Avviso legale<\/h1>\t\t\t\t<\/div>\n\t\t\t\t\t<\/div>\n\t\t\t\t<\/div>\n\t\t<div class=\"elementor-element elementor-element-2a354e55 e-flex e-con-boxed e-con e-parent\" data-id=\"2a354e55\" data-element_type=\"container\">\n\t\t\t\t\t<div class=\"e-con-inner\">\n\t\t\t\t<div class=\"elementor-element elementor-element-6325a7a elementor-widget elementor-widget-text-editor\" data-id=\"6325a7a\" data-element_type=\"widget\" data-widget_type=\"text-editor.default\">\n\t\t\t\t\t\t\t\t\t  <h2>1. Identificare i dati<\/h2>\n  <p>\n  In conformit\u00e0 con le disposizioni della Legge 34\/2002, dell&#8217;11 luglio, sui Servizi della Societ\u00e0 dell&#8217;Informazione e del Commercio Elettronico (LSSI-CE), ti informiamo che questo sito web \u00e8 di propriet\u00e0 di <strong>Zambra los Amayas S.L.<\/strong>, con <strong>codice fiscale B93584043<\/strong>, e sede legale in <strong>Carretera de Murcia s\/n, Mirador de San Crist\u00f3bal (Albaic\u00edn), 18010 Granada.<\/strong>\n  <\/p>\n  <p>\n  L&#8217;accesso e l&#8217;utilizzo di questo sito web \u00e8 gratuito e attribuisce lo status di utente a chiunque lo navighi, impegnandosi a rispettare le disposizioni del presente avviso legale e la legislazione vigente.\n  <\/p>\n\n  <h2>2. Propriet\u00e0 intellettuale e industriale<\/h2>\n  <p>\n  Tutti i contenuti del sito web (testi, immagini, disegni, loghi, codice sorgente, struttura, ecc.) sono di propriet\u00e0 esclusiva di <strong>Zambra los Amayas S.L.<\/strong>, o sono dotati di licenza o autorizzazione espressa per il loro utilizzo. Sono protetti dalla legislazione sulla propriet\u00e0 intellettuale e industriale. \n  <\/p>\n  <p>\n  \u00c8 espressamente vietata la riproduzione totale o parziale, la distribuzione, la comunicazione pubblica o qualsiasi altra forma di utilizzo dei contenuti senza la previa autorizzazione scritta di Zambra los Amayas S.L..\n  <\/p>\n  <p>\n  L&#8217;uso di link al sito web \u00e8 consentito, a condizione che non venga fatto un uso improprio della sua immagine, del suo marchio o dei suoi contenuti e che non vengano violati i diritti del proprietario.\n  <\/p>\n\n  <h2>3. Esonero di responsabilit\u00e0<\/h2>\n  <p>\n  Zambra los Amayas S.L. non si assume alcuna responsabilit\u00e0 per i contenuti introdotti da terzi o per eventuali errori o omissioni nei contenuti del sito web, n\u00e9 per eventuali danni che possano derivare dall&#8217;uso delle informazioni in esso contenute.\n  <\/p>\n\n  <h2>4. Utilizzo dei cookie<\/h2>\n  <p>\n  Questo sito web pu\u00f2 utilizzare cookie tecnici per facilitare la navigazione e garantire il corretto funzionamento del sito. In nessun caso i cookie vengono utilizzati per scopi pubblicitari senza il consenso dell&#8217;utente. L&#8217;utente pu\u00f2 configurare il proprio browser per gestire o bloccare i cookie.  \n  <\/p>\n\n  <h2>5. Collegamenti con terze parti<\/h2>\n  <p>\n  Questo sito web pu\u00f2 contenere link a siti esterni. Zambra los Amayas S.L. non \u00e8 responsabile del contenuto o del funzionamento di tali siti di terzi. Qualora vengano rilevati contenuti inappropriati, questi verranno immediatamente rimossi e, se del caso, verranno informate le autorit\u00e0 competenti.  \n  <\/p>\n\n  <h2>6. Indirizzi IP<\/h2>\n  <p>\n  I server del sito web possono rilevare automaticamente l&#8217;indirizzo IP utilizzato dall&#8217;utente a fini statistici, come il numero di visite o l&#8217;ordine di accesso alle pagine.\n  <\/p>\n\n  <h2>7. Legge applicabile e giurisdizione<\/h2>\n  <p>\n  Il presente avviso legale \u00e8 regolato dalla legge spagnola. Per la risoluzione di qualsiasi controversia che possa sorgere in relazione all&#8217;accesso o all&#8217;utilizzo del sito web, entrambe le parti si sottopongono alle Corti e ai Tribunali di Granada, rinunciando espressamente a qualsiasi altra giurisdizione che possa corrispondere loro. \n  <\/p>\t\t\t\t\t\t\t\t<\/div>\n\t\t\t\t\t<\/div>\n\t\t\t\t<\/div>\n\t\t\t\t<\/div>\n\t\t","protected":false},"excerpt":{"rendered":"<p>Avviso legale 1. Identificare i dati In conformit\u00e0 con le disposizioni della Legge 34\/2002, dell&#8217;11 luglio, sui Servizi della Societ\u00e0 dell&#8217;Informazione e del Commercio Elettronico (LSSI-CE), ti informiamo che questo sito web \u00e8 di propriet\u00e0 di Zambra los Amayas S.L., con codice fiscale B93584043, e sede legale in Carretera de Murcia s\/n, Mirador de San [&hellip;]<\/p>\n","protected":false},"author":1,"featured_media":0,"parent":0,"menu_order":0,"comment_status":"closed","ping_status":"closed","template":"","meta":{"footnotes":""},"class_list":["post-2331","page","type-page","status-publish","hentry"],"_links":{"self":[{"href":"https:\/\/tablaoflamencogranada.com\/it\/wp-json\/wp\/v2\/pages\/2331","targetHints":{"allow":["GET"]}}],"collection":[{"href":"https:\/\/tablaoflamencogranada.com\/it\/wp-json\/wp\/v2\/pages"}],"about":[{"href":"https:\/\/tablaoflamencogranada.com\/it\/wp-json\/wp\/v2\/types\/page"}],"author":[{"embeddable":true,"href":"https:\/\/tablaoflamencogranada.com\/it\/wp-json\/wp\/v2\/users\/1"}],"replies":[{"embeddable":true,"href":"https:\/\/tablaoflamencogranada.com\/it\/wp-json\/wp\/v2\/comments?post=2331"}],"version-history":[{"count":13,"href":"https:\/\/tablaoflamencogranada.com\/it\/wp-json\/wp\/v2\/pages\/2331\/revisions"}],"predecessor-version":[{"id":4215,"href":"https:\/\/tablaoflamencogranada.com\/it\/wp-json\/wp\/v2\/pages\/2331\/revisions\/4215"}],"wp:attachment":[{"href":"https:\/\/tablaoflamencogranada.com\/it\/wp-json\/wp\/v2\/media?parent=2331"}],"curies":[{"name":"wp","href":"https:\/\/api.w.org\/{rel}","templated":true}]}}