{"id":2366,"date":"2023-02-14T22:31:26","date_gmt":"2023-02-14T21:31:26","guid":{"rendered":"https:\/\/tablaoflamencogranada.com\/informativa-sulla-privacy\/"},"modified":"2025-05-05T06:01:24","modified_gmt":"2025-05-05T05:01:24","slug":"informativa-sulla-privacy","status":"publish","type":"page","link":"https:\/\/tablaoflamencogranada.com\/it\/informativa-sulla-privacy","title":{"rendered":"Informativa sulla privacy"},"content":{"rendered":"\n<p>In conformit\u00e0 con l&#8217;articolo 10 della Legge 34\/2002, dell&#8217;11 luglio, sui servizi della societ\u00e0 dell&#8217;informazione (Ley 34\/2002, del 11 de julio, de servicios de la Sociedad de la Infomaci\u00f3n).<\/p>\n\n<p>I dati identificativi della societ\u00e0 sono riportati di seguito.<\/p>\n\n<p>Informativa sulla privacy per la gestione delle prenotazioni dei servizi<\/p>\n\n<p>Di seguito ti spieghiamo come trattiamo i tuoi dati personali quando richiedi di prenotare un servizio. Per saperne di pi\u00f9, consulta la nostra <a href=\"https:\/\/www.mireservaonline.es\/es\/info\/politica-de-privacidad.aspx\" target=\"_blank\" rel=\"noopener\">Informativa globale sulla privacy<\/a>. <\/p>\n\n<p><br\/><strong>Chi siamo<\/strong><\/p>\n\n<p>Il responsabile del trattamento dei dati personali da te forniti \u00e8 Zambra los Amayas S.L., con N.I.F. B93584043, con sede legale in Carretera de Murcia s\/n. Mirador de San Cristobal (Albaicin), 18010 GRANADA. Telefono di contatto <a href=\"tel:0034636575125\">636575125 <\/a>e email <a href=\"mailto:tablao-albayzin@hotmail.com\">tablao-albayzin@hotmail.com<\/a>  <\/p>\n\n<p><br\/><strong>Scopo della raccolta e del trattamento dei dati personali<\/strong><\/p>\n\n<p>Raccogliamo e trattiamo i tuoi dati personali per elaborare le tue richieste e prenotazioni di servizi. I tuoi dati saranno utilizzati per: <\/p>\n\n<p>&#8211; Registra il tuo account utente con il quale potrai accedere alla piattaforma.<br\/>&#8211; Semplificare il processo di prenotazione e pagamento dei servizi.<br\/>&#8211; Riscuotere e fatturare i servizi contrattati, se necessario.<br\/>&#8211; Inviarti comunicazioni relative alle tue richieste e prenotazioni.<br\/>&#8211; Conserva lo storico delle prenotazioni, dei pagamenti e degli incidenti.<br\/>&#8211; Inviarti un sondaggio sulla soddisfazione di un servizio prenotato, se lo autorizzi al momento della prenotazione.<\/p>\n\n<p><br\/><strong>Base legale. Legittimazione <\/strong><\/p>\n\n<p>La presente informativa sulla privacy \u00e8 conforme all&#8217;articolo 13 del Regolamento (UE) 2016\/679 del Parlamento europeo e del Consiglio, del 27 aprile 2016, relativo alla protezione delle persone fisiche con riguardo al trattamento dei dati personali, nonch\u00e9 alla libera circolazione di tali dati (GDPR) e all&#8217;articolo 5 della Legge Organica 15\/99 del 13 dicembre 1999 sulla protezione dei dati personali (LOPD).<\/p>\n\n<p>Il trattamento dei tuoi dati \u00e8 legittimato dall&#8217;esecuzione del contratto che si instaura quando richiedi un servizio attraverso la nostra piattaforma.  <\/p>\n\n<p><br\/><strong>Conseguenze della mancata comunicazione dei dati<\/strong><\/p>\n\n<p>Quando ti chiediamo i tuoi dati, contrassegniamo con un asterisco quelli strettamente necessari. Non sei obbligato a fornire i dati richiesti, ma se non li fornisci non potrai richiedere o prenotare i servizi offerti dalla nostra piattaforma. <\/p>\n\n<p><br\/><strong>Origine dei dati personali<\/strong><\/p>\n\n<p>Se ci fornisci i dati di altre persone, devi assicurarti di avere il loro consenso a fornire i loro dati se hanno pi\u00f9 di 14 anni. Puoi fornire i dati di bambini di et\u00e0 inferiore ai 14 anni solo se sei il loro genitore o tutore o se hai il loro consenso. <\/p>\n\n<p>Per gestire le tue richieste e prenotazioni devi creare un account utente sulla nostra piattaforma. Per farlo, puoi utilizzare un indirizzo e-mail e una password. Puoi anche accedere utilizzando il tuo account Google+ o Facebook. In questo caso, queste aziende agiscono come &#8220;fornitori di identificazione&#8221;. Se utilizzi questa possibilit\u00e0, il fornitore scelto ti informer\u00e0 dei dati di cui MiReservaOnline ha bisogno e tu dovrai autorizzare l&#8217;accesso. I dati personali che otteniamo tramite questi fornitori sono:       <\/p>\n\n<p>&#8211; Un identificativo unico per il tuo account con il fornitore. Ovvero una serie di lettere e numeri che ti identificano con il fornitore. <br\/>&#8211; Il tuo nome e cognome.<br\/>&#8211; La tua email.<\/p>\n\n<p>I dati ottenuti da questi fornitori saranno copiati nel tuo account utente MiReservaOnline. Puoi revocare in qualsiasi momento l&#8217;accesso di MiReservaOnline ai tuoi dati personali presso questi fornitori di identificazione. In tal caso, non potrai accedere a MiReservaOnline utilizzando il tuo account presso tale fornitore. La revoca dell&#8217;accesso di MiReservaOnline ai tuoi dati tramite un fornitore di autenticazione non comporta la cancellazione del tuo account utente MiReservaOnline o dei dati precedentemente ottenuti.     <\/p>\n\n<p><br\/><strong>Periodo di conservazione dei tuoi dati<\/strong><\/p>\n\n<p>I tuoi dati saranno conservati per la durata del rapporto contrattuale e commerciale instaurato e, successivamente, per i periodi stabiliti dalla legge per la risoluzione di eventuali responsabilit\u00e0 derivanti dallo stesso.<\/p>\n\n<p>I dati relativi ai pagamenti e alla fatturazione saranno conservati per i periodi stabiliti dalle corrispondenti normative economiche, contabili e fiscali.<\/p>\n\n<p><br\/><strong>Destinatari dei tuoi dati personali<\/strong><\/p>\n\n<p>Quando contratti un servizio, comunichiamo alcuni dei tuoi dati personali all&#8217;azienda che fornisce il servizio. Comunichiamo solo le informazioni di cui l&#8217;azienda ha bisogno per fornire il servizio e per contattarti in relazione al servizio che hai stipulato. <\/p>\n\n<p>Tutte le aziende che offrono servizi sulla nostra piattaforma sono soggette alla legislazione europea e sono regolate dalle stesse norme sulla protezione dei dati di MiReservaOnline. Pertanto, si impegnano a utilizzare i tuoi dati personali solo per lo scopo per cui li hai forniti. <\/p>\n\n<p>Per sapere quale azienda offre un determinato servizio, puoi consultare la sezione &#8220;Chi siamo&#8221;, nella sezione &#8220;Maggiori informazioni&#8221;, sulla pagina del servizio in MiReservaOnline.es. Una volta stipulato il contratto, sarai informato sull&#8217;azienda che offre il servizio anche sul voucher di conferma della tua prenotazione. <\/p>\n\n<p>I tuoi dati saranno inoltre comunicati quando necessario per l&#8217;adempimento del rapporto contrattuale instaurato e nei casi previsti dalla legge. In alcuni casi, i tuoi dati potranno essere comunicati alle forze di sicurezza quando richiesto dalla legge. I dati relativi alla fatturazione devono essere comunicati, per obbligo di legge, all&#8217;Amministrazione Finanziaria.  <\/p>\n\n<p>Se paghi un servizio utilizzando uno dei metodi di pagamento offerti dalla piattaforma e poi cancelli tale pagamento in violazione della politica di cancellazione del servizio, che hai accettato al momento della prenotazione, MiReservaOnline richieder\u00e0 l&#8217;importo indicato nella politica di cancellazione del servizio all&#8217;entit\u00e0 con cui \u00e8 stato effettuato il pagamento. In questo processo, \u00e8 possibile che l&#8217;ente finanziario ci chieda, e noi le forniremo, informazioni sulla sua identit\u00e0 e altri dati che accreditano il servizio stipulato, il suo pagamento e la sua fruizione. <\/p>\n\n<p>Non sono previsti trasferimenti internazionali di dati. In caso di trasferimenti, questi saranno sempre effettuati per le finalit\u00e0 sopra indicate e con le garanzie richieste dalle normative dell&#8217;Unione Europea. In questo senso, i dati saranno trasferiti solo a entit\u00e0 con sede nell&#8217;Unione Europea, entit\u00e0 aderenti all&#8217;accordo EU-US Privacy Shield o ad accordi equivalenti che garantiscano il trattamento dei dati personali in modo equivalente a quello stabilito nell&#8217;Unione Europea.  <\/p>\n\n<p><br\/><strong>Diritti e reclami all&#8217;autorit\u00e0 di vigilanza<\/strong><\/p>\n\n<p>Puoi esercitare i tuoi diritti di accesso, rettifica, soppressione, limitazione e opposizione inviando un&#8217;e-mail a info@mireservaonline.es con oggetto &#8220;Protezione dei dati&#8221;. Puoi farlo anche inviando una lettera a: Area25 IT. Calle El Purche 6, 2\u00ba A. 18008 Granada, Spagna.<br\/>In entrambi i casi dovrai inviare una copia di un documento che attesti la tua identit\u00e0.  <\/p>\n\n<p>Hai il diritto alla portabilit\u00e0 dei dati, ossia a che i tuoi dati ti vengano forniti in un formato strutturato, comunemente utilizzato e leggibile da una macchina, compreso il diritto di trasmetterli a un nuovo titolare del trattamento, se lo desideri.<\/p>\n\n<p>Inoltre, puoi presentare un reclamo all&#8217;Autorit\u00e0 di controllo della protezione dei dati personali competente, soprattutto se non hai ottenuto soddisfazione nell&#8217;esercizio dei tuoi diritti. A tal fine, dovrai contattare l&#8217;Agenzia Spagnola per la Protezione dei Dati: Calle Jorge Juan 6, 28001 Madrid. Puoi farlo anche accedendo alla sua sede elettronica attraverso il sito web https:\/\/www.agpd.es.  <\/p>\n","protected":false},"excerpt":{"rendered":"<p>In conformit\u00e0 con l&#8217;articolo 10 della Legge 34\/2002, dell&#8217;11 luglio, sui servizi della societ\u00e0 dell&#8217;informazione (Ley 34\/2002, del 11 de julio, de servicios de la Sociedad de la Infomaci\u00f3n). I dati identificativi della societ\u00e0 sono riportati di seguito. Informativa sulla privacy per la gestione delle prenotazioni dei servizi Di seguito ti spieghiamo come trattiamo i [&hellip;]<\/p>\n","protected":false},"author":1,"featured_media":0,"parent":0,"menu_order":0,"comment_status":"closed","ping_status":"open","template":"","meta":{"footnotes":""},"class_list":["post-2366","page","type-page","status-publish","hentry"],"_links":{"self":[{"href":"https:\/\/tablaoflamencogranada.com\/it\/wp-json\/wp\/v2\/pages\/2366","targetHints":{"allow":["GET"]}}],"collection":[{"href":"https:\/\/tablaoflamencogranada.com\/it\/wp-json\/wp\/v2\/pages"}],"about":[{"href":"https:\/\/tablaoflamencogranada.com\/it\/wp-json\/wp\/v2\/types\/page"}],"author":[{"embeddable":true,"href":"https:\/\/tablaoflamencogranada.com\/it\/wp-json\/wp\/v2\/users\/1"}],"replies":[{"embeddable":true,"href":"https:\/\/tablaoflamencogranada.com\/it\/wp-json\/wp\/v2\/comments?post=2366"}],"version-history":[{"count":19,"href":"https:\/\/tablaoflamencogranada.com\/it\/wp-json\/wp\/v2\/pages\/2366\/revisions"}],"predecessor-version":[{"id":3037,"href":"https:\/\/tablaoflamencogranada.com\/it\/wp-json\/wp\/v2\/pages\/2366\/revisions\/3037"}],"wp:attachment":[{"href":"https:\/\/tablaoflamencogranada.com\/it\/wp-json\/wp\/v2\/media?parent=2366"}],"curies":[{"name":"wp","href":"https:\/\/api.w.org\/{rel}","templated":true}]}}