{"id":8159,"date":"2025-05-31T10:47:24","date_gmt":"2025-05-31T09:47:24","guid":{"rendered":"https:\/\/tablaoflamencogranada.com\/come-raggiungere-il-nostro-tablao"},"modified":"2025-06-05T13:07:24","modified_gmt":"2025-06-05T12:07:24","slug":"come-raggiungere-il-nostro-tablao","status":"publish","type":"page","link":"https:\/\/tablaoflamencogranada.com\/it\/come-raggiungere-il-nostro-tablao","title":{"rendered":"Come raggiungere il nostro tablao"},"content":{"rendered":"\t\t<div data-elementor-type=\"wp-page\" data-elementor-id=\"8159\" class=\"elementor elementor-8159 elementor-8129\" data-elementor-post-type=\"page\">\n\t\t\t\t<div class=\"elementor-element elementor-element-4d51d1f e-flex e-con-boxed e-con e-parent\" data-id=\"4d51d1f\" data-element_type=\"container\" data-settings=\"{&quot;background_background&quot;:&quot;classic&quot;}\">\n\t\t\t\t\t<div class=\"e-con-inner\">\n\t\t\t\t<div class=\"elementor-element elementor-element-9a8b027 elementor-widget elementor-widget-breadcrumbs\" data-id=\"9a8b027\" data-element_type=\"widget\" data-widget_type=\"breadcrumbs.default\">\n\t\t\t\t<div class=\"elementor-widget-container\">\n\t\t\t\t\t<nav aria-label=\"breadcrumbs\" class=\"rank-math-breadcrumb\"><p><span class=\"last\">Inizio<\/span><\/p><\/nav>\t\t\t\t<\/div>\n\t\t\t\t<\/div>\n\t\t\t\t<div class=\"elementor-element elementor-element-7ca18c5 elementor-widget elementor-widget-heading\" data-id=\"7ca18c5\" data-element_type=\"widget\" data-widget_type=\"heading.default\">\n\t\t\t\t\t<h1 class=\"elementor-heading-title elementor-size-default\">Come raggiungere il nostro tablao<\/h1>\t\t\t\t<\/div>\n\t\t\t\t\t<\/div>\n\t\t\t\t<\/div>\n\t\t<div class=\"elementor-element elementor-element-ed6d92f e-flex e-con-boxed e-con e-parent\" data-id=\"ed6d92f\" data-element_type=\"container\" data-settings=\"{&quot;background_background&quot;:&quot;classic&quot;}\">\n\t\t\t\t\t<div class=\"e-con-inner\">\n\t\t\t\t<div class=\"elementor-element elementor-element-ae5147d elementor-widget elementor-widget-text-editor\" data-id=\"ae5147d\" data-element_type=\"widget\" data-widget_type=\"text-editor.default\">\n\t\t\t\t\t\t\t\t\t<p>Il nostro tablao si trova <strong>nel cuore del Mirador San Crist\u00f3bal<\/strong> , precisamente sulla Carretera de Murcia SN. Qui, oltre al nostro spettacolo di flamenco, potrete godere di una splendida vista su Granada e sull&#8217;Alhambra. Disponiamo di una terrazza panoramica sul tetto, dove potrete sorseggiare un drink o una bevanda rinfrescante.    <\/p><p>Di seguito vi lasciamo alcune indicazioni per arrivarci facilmente da diversi punti di riferimento:<\/p>\t\t\t\t\t\t\t\t<\/div>\n\t\t\t\t<div class=\"elementor-element elementor-element-70c11f1 elementor-widget elementor-widget-google_maps\" data-id=\"70c11f1\" data-element_type=\"widget\" data-widget_type=\"google_maps.default\">\n\t\t\t\t\t\t\t<div class=\"elementor-custom-embed\">\n\t\t\t<iframe loading=\"lazy\"\n\t\t\t\t\tsrc=\"https:\/\/maps.google.com\/maps?q=Tablao%20flamenco%20albayzin&#038;t=m&#038;z=10&#038;output=embed&#038;iwloc=near\"\n\t\t\t\t\ttitle=\"Tablao flamenco albayzin\"\n\t\t\t\t\taria-label=\"Tablao flamenco albayzin\"\n\t\t\t><\/iframe>\n\t\t<\/div>\n\t\t\t\t\t\t<\/div>\n\t\t<div class=\"elementor-element elementor-element-8540f93 e-con-full e-flex e-con e-child\" data-id=\"8540f93\" data-element_type=\"container\">\n\t\t<div class=\"elementor-element elementor-element-d55136a e-con-full e-flex e-con e-child\" data-id=\"d55136a\" data-element_type=\"container\" data-settings=\"{&quot;background_background&quot;:&quot;classic&quot;}\">\n\t\t\t\t<div class=\"elementor-element elementor-element-c63e0a1 elementor-widget elementor-widget-heading\" data-id=\"c63e0a1\" data-element_type=\"widget\" data-widget_type=\"heading.default\">\n\t\t\t\t\t<h2 class=\"elementor-heading-title elementor-size-default\">Da Plaza Nueva<\/h2>\t\t\t\t<\/div>\n\t\t<div class=\"elementor-element elementor-element-09a5288 e-con-full e-flex e-con e-child\" data-id=\"09a5288\" data-element_type=\"container\">\n\t\t<div class=\"elementor-element elementor-element-e695335 e-con-full e-flex e-con e-child\" data-id=\"e695335\" data-element_type=\"container\">\n\t\t\t\t<div class=\"elementor-element elementor-element-5458fea elementor-widget elementor-widget-heading\" data-id=\"5458fea\" data-element_type=\"widget\" data-widget_type=\"heading.default\">\n\t\t\t\t\t<h2 class=\"elementor-heading-title elementor-size-default\">A piedi<\/h2>\t\t\t\t<\/div>\n\t\t\t\t<div class=\"elementor-element elementor-element-3993c66 elementor-icon-list--layout-inline elementor-list-item-link-full_width elementor-widget elementor-widget-icon-list\" data-id=\"3993c66\" data-element_type=\"widget\" data-widget_type=\"icon-list.default\">\n\t\t\t\t\t\t\t<ul class=\"elementor-icon-list-items elementor-inline-items\">\n\t\t\t\t\t\t\t<li class=\"elementor-icon-list-item elementor-inline-item\">\n\t\t\t\t\t\t\t\t\t\t\t<span class=\"elementor-icon-list-icon\">\n\t\t\t\t\t\t\t<i aria-hidden=\"true\" class=\"far fa-clock\"><\/i>\t\t\t\t\t\t<\/span>\n\t\t\t\t\t\t\t\t\t\t<span class=\"elementor-icon-list-text\">16 minuti<\/span>\n\t\t\t\t\t\t\t\t\t<\/li>\n\t\t\t\t\t\t\t\t<li class=\"elementor-icon-list-item elementor-inline-item\">\n\t\t\t\t\t\t\t\t\t\t\t<span class=\"elementor-icon-list-icon\">\n\t\t\t\t\t\t\t<i aria-hidden=\"true\" class=\"fas fa-walking\"><\/i>\t\t\t\t\t\t<\/span>\n\t\t\t\t\t\t\t\t\t\t<span class=\"elementor-icon-list-text\">950 metri<\/span>\n\t\t\t\t\t\t\t\t\t<\/li>\n\t\t\t\t\t\t<\/ul>\n\t\t\t\t\t\t<\/div>\n\t\t\t\t<div class=\"elementor-element elementor-element-6d5fd5c elementor-widget elementor-widget-text-editor\" data-id=\"6d5fd5c\" data-element_type=\"widget\" data-widget_type=\"text-editor.default\">\n\t\t\t\t\t\t\t\t\t<ul>\n  <li>Uscire <strong>da Plaza Nueva<\/strong> tramite <strong>Calle C\u00e1rcel Alta<\/strong> e proseguire dritto.<\/li>\n  <li>Proseguire lungo la <strong>Cuesta de Mara\u00f1as<\/strong> .<\/li>\n  <li>Proseguire lungo <strong>Canvas Lane<\/strong> .<\/li>\n  <li>Scendete la <strong>Cuesta de Alhacaba<\/strong> .<\/li>\n  <li>Prendi le scale fino alla <strong>Cuesta de San Crist\u00f3bal<\/strong> .<\/li>\n  <li>Svoltare a destra in <strong>Veredilla de San Crist\u00f3bal<\/strong> .<\/li>\n  <li>Arrivo a <strong>Plaza Mirador de San Crist\u00f3bal<\/strong> .<\/li>\n  <li>Accanto al belvedere si trova il <strong>Tablao Flamenco Albayz\u00edn<\/strong> .<\/li>\n<\/ul>\t\t\t\t\t\t\t\t<\/div>\n\t\t\t\t<\/div>\n\t\t<div class=\"elementor-element elementor-element-e4228f0 e-con-full e-flex e-con e-child\" data-id=\"e4228f0\" data-element_type=\"container\">\n\t\t\t\t<div class=\"elementor-element elementor-element-a202cdc elementor-widget elementor-widget-heading\" data-id=\"a202cdc\" data-element_type=\"widget\" data-widget_type=\"heading.default\">\n\t\t\t\t\t<h2 class=\"elementor-heading-title elementor-size-default\">In macchina<\/h2>\t\t\t\t<\/div>\n\t\t\t\t<div class=\"elementor-element elementor-element-f0773d6 elementor-icon-list--layout-inline elementor-list-item-link-full_width elementor-widget elementor-widget-icon-list\" data-id=\"f0773d6\" data-element_type=\"widget\" data-widget_type=\"icon-list.default\">\n\t\t\t\t\t\t\t<ul class=\"elementor-icon-list-items elementor-inline-items\">\n\t\t\t\t\t\t\t<li class=\"elementor-icon-list-item elementor-inline-item\">\n\t\t\t\t\t\t\t\t\t\t\t<span class=\"elementor-icon-list-icon\">\n\t\t\t\t\t\t\t<i aria-hidden=\"true\" class=\"far fa-clock\"><\/i>\t\t\t\t\t\t<\/span>\n\t\t\t\t\t\t\t\t\t\t<span class=\"elementor-icon-list-text\">16 minuti<\/span>\n\t\t\t\t\t\t\t\t\t<\/li>\n\t\t\t\t\t\t\t\t<li class=\"elementor-icon-list-item elementor-inline-item\">\n\t\t\t\t\t\t\t\t\t\t\t<span class=\"elementor-icon-list-icon\">\n\t\t\t\t\t\t\t<i aria-hidden=\"true\" class=\"fas fa-parking\"><\/i>\t\t\t\t\t\t<\/span>\n\t\t\t\t\t\t\t\t\t\t<span class=\"elementor-icon-list-text\">Parcheggio disponibile<\/span>\n\t\t\t\t\t\t\t\t\t<\/li>\n\t\t\t\t\t\t<\/ul>\n\t\t\t\t\t\t<\/div>\n\t\t\t\t<div class=\"elementor-element elementor-element-140d2e8 elementor-widget elementor-widget-text-editor\" data-id=\"140d2e8\" data-element_type=\"widget\" data-widget_type=\"text-editor.default\">\n\t\t\t\t\t\t\t\t\t<ul><li>Da Plaza Nueva, dirigersi verso Calle C\u00e1rcel Baja e girare a destra in Gran V\u00eda de Col\u00f3n.<\/li><li>Dirigersi verso Albaic\u00edn passando per Cervezas Alhambra verso Carretera de Murcia.<\/li><li>Parcheggiare nel parcheggio \u201cSan Crist\u00f3bal\u201d.  <\/li><li>Siamo proprio dall&#8217;altra parte della strada.  <\/li><\/ul>\t\t\t\t\t\t\t\t<\/div>\n\t\t\t\t<\/div>\n\t\t<div class=\"elementor-element elementor-element-0dc104e e-con-full e-flex e-con e-child\" data-id=\"0dc104e\" data-element_type=\"container\">\n\t\t\t\t<div class=\"elementor-element elementor-element-fadd73c elementor-widget elementor-widget-heading\" data-id=\"fadd73c\" data-element_type=\"widget\" data-widget_type=\"heading.default\">\n\t\t\t\t\t<h2 class=\"elementor-heading-title elementor-size-default\">In autobus<\/h2>\t\t\t\t<\/div>\n\t\t\t\t<div class=\"elementor-element elementor-element-fddb5c1 elementor-icon-list--layout-inline elementor-list-item-link-full_width elementor-widget elementor-widget-icon-list\" data-id=\"fddb5c1\" data-element_type=\"widget\" data-widget_type=\"icon-list.default\">\n\t\t\t\t\t\t\t<ul class=\"elementor-icon-list-items elementor-inline-items\">\n\t\t\t\t\t\t\t<li class=\"elementor-icon-list-item elementor-inline-item\">\n\t\t\t\t\t\t\t\t\t\t\t<span class=\"elementor-icon-list-icon\">\n\t\t\t\t\t\t\t<i aria-hidden=\"true\" class=\"far fa-clock\"><\/i>\t\t\t\t\t\t<\/span>\n\t\t\t\t\t\t\t\t\t\t<span class=\"elementor-icon-list-text\">8 minuti<\/span>\n\t\t\t\t\t\t\t\t\t<\/li>\n\t\t\t\t\t\t<\/ul>\n\t\t\t\t\t\t<\/div>\n\t\t\t\t<div class=\"elementor-element elementor-element-e0a863c elementor-widget elementor-widget-text-editor\" data-id=\"e0a863c\" data-element_type=\"widget\" data-widget_type=\"text-editor.default\">\n\t\t\t\t\t\t\t\t\t<ul><li>Da Plaza Nueva, dirigetevi alla fermata dell \u201cautobus Plaza Nueva e prendete l\u201d autobus C32 o C34 (si tratta di linee specifiche per Albaic\u00edn).<\/li><li>Scendere alla fermata 47 o 55 della Carretera de Murcia.<\/li><li>A piedi siete a meno di 90 metri di distanza.<\/li><\/ul>\t\t\t\t\t\t\t\t<\/div>\n\t\t\t\t<\/div>\n\t\t\t\t<\/div>\n\t\t\t\t<\/div>\n\t\t<div class=\"elementor-element elementor-element-e7570b0 e-con-full e-flex e-con e-child\" data-id=\"e7570b0\" data-element_type=\"container\" data-settings=\"{&quot;background_background&quot;:&quot;classic&quot;}\">\n\t\t\t\t<div class=\"elementor-element elementor-element-3e9192c elementor-widget elementor-widget-heading\" data-id=\"3e9192c\" data-element_type=\"widget\" data-widget_type=\"heading.default\">\n\t\t\t\t\t<h2 class=\"elementor-heading-title elementor-size-default\">Altre localit\u00e0<\/h2>\t\t\t\t<\/div>\n\t\t<div class=\"elementor-element elementor-element-14c3c39 e-con-full e-flex e-con e-child\" data-id=\"14c3c39\" data-element_type=\"container\">\n\t\t<div class=\"elementor-element elementor-element-e74f0ba e-con-full e-flex e-con e-child\" data-id=\"e74f0ba\" data-element_type=\"container\">\n\t\t\t\t<div class=\"elementor-element elementor-element-e487773 elementor-widget elementor-widget-heading\" data-id=\"e487773\" data-element_type=\"widget\" data-widget_type=\"heading.default\">\n\t\t\t\t\t<h2 class=\"elementor-heading-title elementor-size-default\">In autobus<\/h2>\t\t\t\t<\/div>\n\t\t\t\t<div class=\"elementor-element elementor-element-656cd4e elementor-widget elementor-widget-text-editor\" data-id=\"656cd4e\" data-element_type=\"widget\" data-widget_type=\"text-editor.default\">\n\t\t\t\t\t\t\t\t\t<p>Puoi raggiungere facilmente il nostro tablao in autobus da quasi ogni punto di Granada, utilizzando le linee N8 e N9. Scendi alla fermata Carretera de Murcia 55, dove ti troverai di fronte al nostro edificio.<\/p>\t\t\t\t\t\t\t\t<\/div>\n\t\t\t\t<\/div>\n\t\t\t\t<\/div>\n\t\t\t\t<\/div>\n\t\t\t\t<\/div>\n\t\t\t\t\t<\/div>\n\t\t\t\t<\/div>\n\t\t\t\t<\/div>\n\t\t","protected":false},"excerpt":{"rendered":"<p>Inicio Come raggiungere il nostro tablao Il nostro tablao si trova nel cuore del Mirador San Crist\u00f3bal , precisamente sulla Carretera de Murcia SN. Qui, oltre al nostro spettacolo di flamenco, potrete godere di una splendida vista su Granada e sull&#8217;Alhambra. Disponiamo di una terrazza panoramica sul tetto, dove potrete sorseggiare un drink o una [&hellip;]<\/p>\n","protected":false},"author":1,"featured_media":0,"parent":0,"menu_order":0,"comment_status":"closed","ping_status":"closed","template":"","meta":{"footnotes":""},"class_list":["post-8159","page","type-page","status-publish","hentry"],"_links":{"self":[{"href":"https:\/\/tablaoflamencogranada.com\/it\/wp-json\/wp\/v2\/pages\/8159","targetHints":{"allow":["GET"]}}],"collection":[{"href":"https:\/\/tablaoflamencogranada.com\/it\/wp-json\/wp\/v2\/pages"}],"about":[{"href":"https:\/\/tablaoflamencogranada.com\/it\/wp-json\/wp\/v2\/types\/page"}],"author":[{"embeddable":true,"href":"https:\/\/tablaoflamencogranada.com\/it\/wp-json\/wp\/v2\/users\/1"}],"replies":[{"embeddable":true,"href":"https:\/\/tablaoflamencogranada.com\/it\/wp-json\/wp\/v2\/comments?post=8159"}],"version-history":[{"count":3,"href":"https:\/\/tablaoflamencogranada.com\/it\/wp-json\/wp\/v2\/pages\/8159\/revisions"}],"predecessor-version":[{"id":8675,"href":"https:\/\/tablaoflamencogranada.com\/it\/wp-json\/wp\/v2\/pages\/8159\/revisions\/8675"}],"wp:attachment":[{"href":"https:\/\/tablaoflamencogranada.com\/it\/wp-json\/wp\/v2\/media?parent=8159"}],"curies":[{"name":"wp","href":"https:\/\/api.w.org\/{rel}","templated":true}]}}