{"id":10732,"date":"2025-06-11T20:29:17","date_gmt":"2025-06-11T19:29:17","guid":{"rendered":"https:\/\/tablaoflamencogranada.com\/%ed%8b%b0%ec%bc%93-test"},"modified":"2025-09-05T07:13:54","modified_gmt":"2025-09-05T06:13:54","slug":"%ed%8b%b0%ec%bc%93-test","status":"publish","type":"page","link":"https:\/\/tablaoflamencogranada.com\/ko\/%ed%8b%b0%ec%bc%93-test","title":{"rendered":"\ud2f0\ucf13-TEST"},"content":{"rendered":"\t\t<div data-elementor-type=\"wp-page\" data-elementor-id=\"10732\" class=\"elementor elementor-10732 elementor-9674\" data-elementor-post-type=\"page\">\n\t\t\t\t<div class=\"elementor-element elementor-element-18d4dc27 e-flex e-con-boxed e-con e-parent\" data-id=\"18d4dc27\" data-element_type=\"container\">\n\t\t\t\t\t<div class=\"e-con-inner\">\n\t\t\t\t<div class=\"elementor-element elementor-element-a29f956 elementor-widget elementor-widget-heading\" data-id=\"a29f956\" data-element_type=\"widget\" data-widget_type=\"heading.default\">\n\t\t\t\t\t<h2 class=\"elementor-heading-title elementor-size-default\">BOT\u00d3N ESCRITORIO: est\u00e1 en ingl\u00e9s (regiondo no da soporte de Koreano)<\/h2>\t\t\t\t<\/div>\n\t\t\t\t<div class=\"elementor-element elementor-element-292896a elementor-widget elementor-widget-html\" data-id=\"292896a\" data-element_type=\"widget\" data-widget_type=\"html.default\">\n\t\t\t\t\t<template id=\"product-catalog-widget-styles\">\r\n<style>\r\n\r\n\/* Tipograf\u00eda general *\/\r\n.MuiTypography-h1,\r\n.MuiTypography-h6 {\r\n    color: black;\r\n    font-size: 25px;\r\n}\r\n\r\n.MuiTypography-h2{\r\n    color: black;\r\n    font-size: 18px;\r\n}\r\n\r\n.MuiTypography-h4 {\r\n    color: black;\r\n    font-size: 14px;\r\n}\r\n\r\n\/* Ocultar H1 RESERVA*\/\r\n.regiondo-booking-header h1 {\r\n  display: none !important;\r\n}\r\n\r\n\/* Ocultar etiqueta de ubicaci\u00f3n \"Granada\"*\/\r\n.regiondo-product-tags {\r\n  display: none !important;\r\n}\r\n\r\n\r\n\/******************\/\r\n\r\n\/* Ajustar ancho al 50% *\/\r\n.regiondo-content > [class*=\"regiondo-content-main\"],\r\n.regiondo-content > [class*=\"regiondo-content-side\"] {\r\n  width: 50%;\r\n  box-sizing: border-box; \r\n}\r\n \/* Secci\u00f3n izquierda *\/\r\n\/* T\u00edtulo principal \"M\u00e1s informaci\u00f3n\" y \"Lugar de celebraci\u00f3n\" *\/\r\n.regiondo-collapsible-header h2,\r\n.regiondo-product-location-description h3,\r\n.regiondo-product-location-details h3 {\r\n  font-size: 18px !important;\r\n  color: #000 !important;\r\n}\r\n\r\n\/* El resto de textos a 14px y negro *\/\r\n.regiondo-collapsible-content,\r\n.regiondo-product-information-item-body,\r\n.regiondo-product-location-description p,\r\n.regiondo-product-location-details p,\r\n.regiondo-product-location-additional p,\r\n.regiondo-product-location-address p,\r\n.regiondo-product-location-name p {\r\n  font-size: 14px !important;\r\n  color: #000 !important;\r\n}\r\n\r\n\/* Icono y texto 1hora*\/\r\n.regiondo-product-header-labels .MuiChip-root {\r\n  font-size: 14px !important;\r\n  color: #000 !important;\r\n  font-weight: 400 !important;\r\n}\r\n\r\n.regiondo-product-header-labels .MuiChip-root svg {\r\n  width: 14px !important;\r\n  fill: #000 !important;\r\n}\r\n\r\n\r\n\/* Texto \"Inf\u00f3rmate\" *\/\r\n.regiondo-collapsible-content-closed > div {\r\n  font-size: 14px !important;\r\n  color: #000 !important;\r\n}\r\n\r\n\/* Contenido Informaci\u00f3n adicional *\/\r\n.regiondo-product-information-item-attachments .regiondo-product-information-item-body {\r\n  font-size: 14px !important;\r\n  color: #000 !important;\r\n}\r\n.regiondo-collapsible.regiondo-product-location h3.MuiTypography-root.MuiTypography-h4 {\r\n  font-size: 14px !important;\r\n}\r\n\r\n.re-bta-16jf1fi {\r\n    font-size: 14px !important;\r\n    color: black !important;\r\n}\r\n\r\n\/* Iconos *\/\r\n.regiondo-collapsible.regiondo-product-information .regiondo-product-information-item-icon svg {\r\n  fill: #000 !important;\r\n  color: #000 !important;\r\n  font-size: 14px !important;\r\n}\r\n\r\n.regiondo-product-location-additional svg,\r\n.regiondo-product-location-parking svg,\r\n.regiondo-product-location-public-transport svg {\r\n  width: 14px !important;\r\n  height: 14px !important;\r\n}\r\n\r\n\/* Padding secci\u00f3n lugar de celebraci\u00f3n*\/\r\n.re-bta-sig61j > * {\r\n    padding-left: 30px !important;\r\n}\r\n\r\n.regiondo-product-location-map-image {\r\n  margin-left: 30px;\r\n}\r\n\r\n\/*****************\/\r\n\r\n\/* Secci\u00f3n derecha *\/\r\n\r\n\/* Alinear Desde 22,50\u20ac a la derecha *\/\r\n\r\n.regiondo-booking-price {\r\n    color: #000;\r\n  margin-left: auto;\r\n  display: flex;\r\n  flex-direction: column;\r\n  align-items: flex-end;\r\n  gap: 2px;\r\n  text-align: right;\r\n}\r\n\r\n\/* TITULOS PRINCIPALES calendario *\/\r\n.regiondo-step__title,\r\n.rdp-caption_label {\r\n  font-size: 18px !important;\r\n  color: #000 !important;\r\n  font-weight: 600;\r\n  margin: 0;\r\n}\r\n\r\n\/* TEXTOS SECUNDARIOS calendario *\/\r\n.regiondo-intro-text,\r\n.rdp-head_cell span,\r\n.DayPicker-Day button,\r\n.MuiTypography-body1 {\r\n  font-size: 14px !important;\r\n  color: #000 !important;\r\n  font-weight: 400;\r\n}\r\n\r\n.MuiAccordionDetails-root,\r\n.MuiAccordionDetails-root * {\r\n  font-size: 14px !important;\r\n  color: #000 !important;\r\n  line-height: 1.4;\r\n}\r\n\r\n.regiondo-totals__title,\r\n.regiondo-totals__value,\r\n.regiondo-totals__value p,\r\n.regiondo-totals--grand-total,\r\n.regiondo-totals-vat {\r\n  font-size: 14px !important;\r\n  color: #000 !important;\r\n}\r\n\r\n\/* Margen inferior al texto: Elige una fecha y reserva *\/\r\n.regiondo-intro-text {\r\n  margin-bottom: 15px !important;\r\n    \r\n}\r\n\r\n\/* Alinear fecha y d\u00eda *\/\r\n.MuiAccordionSummary-content p {\r\n    margin-top: 3px !important;\r\n    margin-left: 10px !important;\r\n}\r\n\r\n\/* Espacio entre producto y precio *\/\r\n.regiondo-prices {\r\n  padding-left: 20px;\r\n}\r\n\r\n\/* Pasos 1-3 *\/\r\n.regiondo-progress-label {\r\n  font-size: 14px !important;\r\n  color: #000 !important;\r\n}\r\n\r\n.regiondo-table,\r\n.regiondo-table * {\r\n  font-size: 14px !important;\r\n  color: #000 !important;\r\n}\r\n\r\n.regiondo-table .regiondo-icon-remove {\r\n    opacity: 1 !important;\r\n}\r\n\r\n\/* Aplicar todo checkout *\/\r\n.regiondo-checkout *:not(button):not(button *) {\r\n  font-size: 14px !important;\r\n  border-radius: 8px\r\n}\r\n\r\n\r\n\/* Bot\u00f3n borrar alineado izquierda *\/\r\n.regiondo-table__cell .MuiBox-root button[aria-label=\"delete\"] {\r\n  display: inline-block;\r\n  margin-left: auto;\r\n  float: right;\r\n  margin-right: -13px;\r\n}\r\n\r\n\/* Campo c\u00f3digo descuento *\/\r\n.regiondo-input {\r\n  font-size: 12px !important;\r\n  height: 32px !important;\r\n  line-height: 32px !important;\r\n  padding: 0 8px !important;\r\n  t;\r\n  border-radius: 8px !important;\r\n}\r\n\r\n.regiondo-button-coupon-apply {\r\n  font-size: 12px !important;\r\n  height: 32px !important;\r\n  line-height: 32px !important;\r\n  padding: 0 10px !important;\r\n  min-width: 80px !important;\r\n  border-radius: 8px !important;\r\n}\r\n\r\n\/* Bot\u00f3n de borrar del c\u00f3digo de descuento *\/\r\n.regiondo-button-coupon ~ .MuiCollapse-root button.MuiIconButton-root {\r\n  opacity: 1 !important;\r\n}\r\n\r\n.regiondo-button-coupon ~ .MuiCollapse-root button.MuiIconButton-root svg[data-testid=\"DeleteIcon\"] {\r\n  width: 14px !important;\r\n  height: 14px !important;\r\n  fill: #000 !important;\r\n  color: #000 !important;\r\n  margin-right: -8px;\r\n}\r\n\r\n\/* Campos del formulario *\/\r\n.regiondo-form .regiondo-input {\r\n  font-size: 14px !important;\r\n  color: #000 !important;\r\n  padding: 4px 8px !important;\r\n  height: 32px !important;\r\n  line-height: 32px !important;\r\n}\r\n\r\n\/* Borde negro en todos los campos *\/\r\n.regiondo-form .MuiOutlinedInput-notchedOutline {\r\n  border-color: #000 !important;\r\n}\r\n\r\n\/* Cambiar el color del label tambi\u00e9n a negro *\/\r\n.regiondo-form label {\r\n  color: #000 !important;\r\n  font-size: 14px !important;\r\n}\r\n\r\n\/* Texto input *\/\r\n.regiondo-form input {\r\n  color: #000 !important;\r\n  font-size: 14px !important;\r\n  height: 32px !important;\r\n  line-height: 32px !important;\r\n  padding: 0 8px !important;\r\n}\r\n\r\n\/* Selector pa\u00eds *\/\r\n.regiondo-form .MuiSelect-select {\r\n  font-size: 14px !important;\r\n  color: #000 !important;\r\n  height: 32px !important;\r\n  line-height: 32px !important;\r\n  padding: 0 8px !important;\r\n}\r\n\r\n\/* Campo obligatorio *\/\r\n.regiondo-form .regiondo-form-hint {\r\n  font-size: 12px !important;\r\n  color: #000 !important;\r\n}\r\n\r\n\/* Icono borrar *\/\r\n.regiondo-icon-remove svg {\r\n  fill: #000;\r\n  color: #000;\r\n}\r\n\r\n\/* Igualar altura inputs formulario *\/\r\n.regiondo-form .MuiOutlinedInput-root {\r\n  height: 40px;\r\n  box-sizing: border-box;\r\n}\r\n\r\n.regiondo-form .MuiOutlinedInput-input {\r\n  height: 100%;\r\n  padding: 14px;\r\n}\r\n\r\n.regiondo-button-secondary {\r\n  font-size: 14px !important;\r\n}\r\n\r\n<\/style>\r\n<\/template>\r\n<button-widget widget-id=\"739e399c-31c0-4ac0-8ec5-97697f3e80d8\" styles-template-id=\"product-catalog-widget-styles\"><\/button-widget><script type=\"text\/javascript\" src=\"https:\/\/widgets.regiondo.net\/button\/v1\/button-widget.min.js\"><\/script>\r\n\t\t\t\t<\/div>\n\t\t\t\t<div class=\"elementor-element elementor-element-2b4ba09 elementor-widget elementor-widget-heading\" data-id=\"2b4ba09\" data-element_type=\"widget\" data-widget_type=\"heading.default\">\n\t\t\t\t\t<h2 class=\"elementor-heading-title elementor-size-default\">BOT\u00d3N M\u00d3VIL:  est\u00e1 en ingl\u00e9s (regiondo no da soporte de Koreano)<\/h2>\t\t\t\t<\/div>\n\t\t\t\t<div class=\"elementor-element elementor-element-9383ae7 elementor-widget elementor-widget-html\" data-id=\"9383ae7\" data-element_type=\"widget\" data-widget_type=\"html.default\">\n\t\t\t\t\t<template id=\"product-catalog-widget-styles\">\r\n<style>\r\n\r\n\/* Tipograf\u00eda general *\/\r\n.MuiTypography-h1,\r\n.MuiTypography-h6 {\r\n    color: black;\r\n    font-size: 25px;\r\n}\r\n\r\n.MuiTypography-h2{\r\n    color: black;\r\n    font-size: 18px;\r\n}\r\n\r\n.MuiTypography-h4 {\r\n    color: black;\r\n    font-size: 14px;\r\n}\r\n\r\n\/* Ocultar H1 RESERVA*\/\r\n.regiondo-booking-header h1 {\r\n  display: none !important;\r\n}\r\n\r\n\/* Ocultar etiqueta de ubicaci\u00f3n \"Granada\"*\/\r\n.regiondo-product-tags {\r\n  display: none !important;\r\n}\r\n\r\n\r\n\/******************\/\r\n\r\n\/* Ajustar ancho al 50% *\/\r\n.regiondo-content > [class*=\"regiondo-content-main\"],\r\n.regiondo-content > [class*=\"regiondo-content-side\"] {\r\n  width: 50%;\r\n  box-sizing: border-box; \r\n}\r\n \/* Secci\u00f3n izquierda *\/\r\n\/* T\u00edtulo principal \"M\u00e1s informaci\u00f3n\" y \"Lugar de celebraci\u00f3n\" *\/\r\n.regiondo-collapsible-header h2,\r\n.regiondo-product-location-description h3,\r\n.regiondo-product-location-details h3 {\r\n  font-size: 18px !important;\r\n  color: #000 !important;\r\n}\r\n\r\n\/* El resto de textos a 14px y negro *\/\r\n.regiondo-collapsible-content,\r\n.regiondo-product-information-item-body,\r\n.regiondo-product-location-description p,\r\n.regiondo-product-location-details p,\r\n.regiondo-product-location-additional p,\r\n.regiondo-product-location-address p,\r\n.regiondo-product-location-name p {\r\n  font-size: 14px !important;\r\n  color: #000 !important;\r\n}\r\n\r\n\/* Icono y texto 1hora*\/\r\n.regiondo-product-header-labels .MuiChip-root {\r\n  font-size: 14px !important;\r\n  color: #000 !important;\r\n  font-weight: 400 !important;\r\n}\r\n\r\n.regiondo-product-header-labels .MuiChip-root svg {\r\n  width: 14px !important;\r\n  fill: #000 !important;\r\n}\r\n\r\n\r\n\/* Texto \"Inf\u00f3rmate\" *\/\r\n.regiondo-collapsible-content-closed > div {\r\n  font-size: 14px !important;\r\n  color: #000 !important;\r\n}\r\n\r\n\/* Contenido Informaci\u00f3n adicional *\/\r\n.regiondo-product-information-item-attachments .regiondo-product-information-item-body {\r\n  font-size: 14px !important;\r\n  color: #000 !important;\r\n}\r\n.regiondo-collapsible.regiondo-product-location h3.MuiTypography-root.MuiTypography-h4 {\r\n  font-size: 14px !important;\r\n}\r\n\r\n.re-bta-16jf1fi {\r\n    font-size: 14px !important;\r\n    color: black !important;\r\n}\r\n\r\n\/* Iconos *\/\r\n.regiondo-collapsible.regiondo-product-information .regiondo-product-information-item-icon svg {\r\n  fill: #000 !important;\r\n  color: #000 !important;\r\n  font-size: 14px !important;\r\n}\r\n\r\n.regiondo-product-location-additional svg,\r\n.regiondo-product-location-parking svg,\r\n.regiondo-product-location-public-transport svg {\r\n  width: 14px !important;\r\n  height: 14px !important;\r\n}\r\n\r\n\/* Padding secci\u00f3n lugar de celebraci\u00f3n*\/\r\n.re-bta-sig61j > * {\r\n    padding-left: 30px !important;\r\n}\r\n\r\n.regiondo-product-location-map-image {\r\n  margin-left: 30px;\r\n}\r\n\r\n\/*****************\/\r\n\r\n\/* Secci\u00f3n derecha *\/\r\n\r\n\/* Alinear Desde 22,50\u20ac a la derecha *\/\r\n\r\n.regiondo-booking-price {\r\n    color: #000;\r\n  margin-left: auto;\r\n  display: flex;\r\n  flex-direction: column;\r\n  align-items: flex-end;\r\n  gap: 2px;\r\n  text-align: right;\r\n}\r\n\r\n\/* TITULOS PRINCIPALES calendario *\/\r\n.regiondo-step__title,\r\n.rdp-caption_label {\r\n  font-size: 18px !important;\r\n  color: #000 !important;\r\n  font-weight: 600;\r\n  margin: 0;\r\n}\r\n\r\n\/* TEXTOS SECUNDARIOS calendario *\/\r\n.regiondo-intro-text,\r\n.rdp-head_cell span,\r\n.DayPicker-Day button,\r\n.MuiTypography-body1 {\r\n  font-size: 14px !important;\r\n  color: #000 !important;\r\n  font-weight: 400;\r\n}\r\n\r\n.MuiAccordionDetails-root,\r\n.MuiAccordionDetails-root * {\r\n  font-size: 14px !important;\r\n  color: #000 !important;\r\n  line-height: 1.4;\r\n}\r\n\r\n.regiondo-totals__title,\r\n.regiondo-totals__value,\r\n.regiondo-totals__value p,\r\n.regiondo-totals--grand-total,\r\n.regiondo-totals-vat {\r\n  font-size: 14px !important;\r\n  color: #000 !important;\r\n}\r\n\r\n\/* Margen inferior al texto: Elige una fecha y reserva *\/\r\n.regiondo-intro-text {\r\n  margin-bottom: 15px !important;\r\n    \r\n}\r\n\r\n\/* Alinear fecha y d\u00eda *\/\r\n.MuiAccordionSummary-content p {\r\n    margin-top: 3px !important;\r\n    margin-left: 10px !important;\r\n}\r\n\r\n\/* Espacio entre producto y precio *\/\r\n.regiondo-prices {\r\n  padding-left: 20px;\r\n}\r\n\r\n\/* Pasos 1-3 *\/\r\n.regiondo-progress-label {\r\n  font-size: 14px !important;\r\n  color: #000 !important;\r\n}\r\n\r\n.regiondo-table,\r\n.regiondo-table * {\r\n  font-size: 14px !important;\r\n  color: #000 !important;\r\n}\r\n\r\n.regiondo-table .regiondo-icon-remove {\r\n    opacity: 1 !important;\r\n}\r\n\r\n\/* Aplicar todo checkout *\/\r\n.regiondo-checkout *:not(button):not(button *) {\r\n  font-size: 14px !important;\r\n  border-radius: 8px\r\n}\r\n\r\n\r\n\/* Bot\u00f3n borrar alineado izquierda *\/\r\n.regiondo-table__cell .MuiBox-root button[aria-label=\"delete\"] {\r\n  display: inline-block;\r\n  margin-left: auto;\r\n  float: right;\r\n  margin-right: -13px;\r\n}\r\n\r\n\/* Campo c\u00f3digo descuento *\/\r\n.regiondo-input {\r\n  font-size: 12px !important;\r\n  height: 32px !important;\r\n  line-height: 32px !important;\r\n  padding: 0 8px !important;\r\n  t;\r\n  border-radius: 8px !important;\r\n}\r\n\r\n.regiondo-button-coupon-apply {\r\n  font-size: 12px !important;\r\n  height: 32px !important;\r\n  line-height: 32px !important;\r\n  padding: 0 10px !important;\r\n  min-width: 80px !important;\r\n  border-radius: 8px !important;\r\n}\r\n\r\n\/* Bot\u00f3n de borrar del c\u00f3digo de descuento *\/\r\n.regiondo-button-coupon ~ .MuiCollapse-root button.MuiIconButton-root {\r\n  opacity: 1 !important;\r\n}\r\n\r\n.regiondo-button-coupon ~ .MuiCollapse-root button.MuiIconButton-root svg[data-testid=\"DeleteIcon\"] {\r\n  width: 14px !important;\r\n  height: 14px !important;\r\n  fill: #000 !important;\r\n  color: #000 !important;\r\n  margin-right: -8px;\r\n}\r\n\r\n\/* Campos del formulario *\/\r\n.regiondo-form .regiondo-input {\r\n  font-size: 14px !important;\r\n  color: #000 !important;\r\n  padding: 4px 8px !important;\r\n  height: 32px !important;\r\n  line-height: 32px !important;\r\n}\r\n\r\n\/* Borde negro en todos los campos *\/\r\n.regiondo-form .MuiOutlinedInput-notchedOutline {\r\n  border-color: #000 !important;\r\n}\r\n\r\n\/* Cambiar el color del label tambi\u00e9n a negro *\/\r\n.regiondo-form label {\r\n  color: #000 !important;\r\n  font-size: 14px !important;\r\n}\r\n\r\n\/* Texto input *\/\r\n.regiondo-form input {\r\n  color: #000 !important;\r\n  font-size: 14px !important;\r\n  height: 32px !important;\r\n  line-height: 32px !important;\r\n  padding: 0 8px !important;\r\n}\r\n\r\n\/* Selector pa\u00eds *\/\r\n.regiondo-form .MuiSelect-select {\r\n  font-size: 14px !important;\r\n  color: #000 !important;\r\n  height: 32px !important;\r\n  line-height: 32px !important;\r\n  padding: 0 8px !important;\r\n}\r\n\r\n\/* Campo obligatorio *\/\r\n.regiondo-form .regiondo-form-hint {\r\n  font-size: 12px !important;\r\n  color: #000 !important;\r\n}\r\n\r\n\/* Icono borrar *\/\r\n.regiondo-icon-remove svg {\r\n  fill: #000;\r\n  color: #000;\r\n}\r\n\r\n\/* Igualar altura inputs formulario *\/\r\n.regiondo-form .MuiOutlinedInput-root {\r\n  height: 40px;\r\n  box-sizing: border-box;\r\n}\r\n\r\n.regiondo-form .MuiOutlinedInput-input {\r\n  height: 100%;\r\n  padding: 14px;\r\n}\r\n\r\n.regiondo-button-secondary {\r\n  font-size: 14px !important;\r\n}  \r\n    \r\n<\/style>\r\n<\/template>\r\n<button-widget widget-id=\"3cb51eef-d589-4ae0-8937-608a99e02dc8\" styles-template-id=\"product-catalog-widget-styles\"><\/button-widget><script type=\"text\/javascript\" src=\"https:\/\/widgets.regiondo.net\/button\/v1\/button-widget.min.js\"><\/script>\r\n\t\t\t\t<\/div>\n\t\t\t\t\t<\/div>\n\t\t\t\t<\/div>\n\t\t<div class=\"elementor-element elementor-element-6edb0e5 e-flex e-con-boxed e-con e-parent\" data-id=\"6edb0e5\" data-element_type=\"container\">\n\t\t\t\t\t<div class=\"e-con-inner\">\n\t\t\t\t\t<\/div>\n\t\t\t\t<\/div>\n\t\t\t\t<\/div>\n\t\t","protected":false},"excerpt":{"rendered":"<p>BOT\u00d3N ESCRITORIO: est\u00e1 en ingl\u00e9s (regiondo no da soporte de Koreano) BOT\u00d3N M\u00d3VIL: est\u00e1 en ingl\u00e9s (regiondo no da soporte de Koreano)<\/p>\n","protected":false},"author":1,"featured_media":0,"parent":0,"menu_order":0,"comment_status":"closed","ping_status":"closed","template":"","meta":{"footnotes":""},"class_list":["post-10732","page","type-page","status-publish","hentry"],"_links":{"self":[{"href":"https:\/\/tablaoflamencogranada.com\/ko\/wp-json\/wp\/v2\/pages\/10732","targetHints":{"allow":["GET"]}}],"collection":[{"href":"https:\/\/tablaoflamencogranada.com\/ko\/wp-json\/wp\/v2\/pages"}],"about":[{"href":"https:\/\/tablaoflamencogranada.com\/ko\/wp-json\/wp\/v2\/types\/page"}],"author":[{"embeddable":true,"href":"https:\/\/tablaoflamencogranada.com\/ko\/wp-json\/wp\/v2\/users\/1"}],"replies":[{"embeddable":true,"href":"https:\/\/tablaoflamencogranada.com\/ko\/wp-json\/wp\/v2\/comments?post=10732"}],"version-history":[{"count":19,"href":"https:\/\/tablaoflamencogranada.com\/ko\/wp-json\/wp\/v2\/pages\/10732\/revisions"}],"predecessor-version":[{"id":11505,"href":"https:\/\/tablaoflamencogranada.com\/ko\/wp-json\/wp\/v2\/pages\/10732\/revisions\/11505"}],"wp:attachment":[{"href":"https:\/\/tablaoflamencogranada.com\/ko\/wp-json\/wp\/v2\/media?parent=10732"}],"curies":[{"name":"wp","href":"https:\/\/api.w.org\/{rel}","templated":true}]}}