{"id":13101,"date":"2025-06-03T08:14:30","date_gmt":"2025-06-03T07:14:30","guid":{"rendered":"https:\/\/tablaoflamencogranada.com\/servicos-exclusivos-para-operadores-turisticos-e-turismo-de-incentivos-mice"},"modified":"2025-08-11T19:49:18","modified_gmt":"2025-08-11T18:49:18","slug":"servicos-exclusivos-para-operadores-turisticos-e-turismo-de-incentivos-mice","status":"publish","type":"page","link":"https:\/\/tablaoflamencogranada.com\/pt\/servicos-exclusivos-para-operadores-turisticos-e-turismo-de-incentivos-mice","title":{"rendered":"Servi\u00e7os Exclusivos para Operadores Tur\u00edsticos e Turismo de Incentivos (MICE)"},"content":{"rendered":"\t\t<div data-elementor-type=\"wp-page\" data-elementor-id=\"13101\" class=\"elementor elementor-13101 elementor-8425\" data-elementor-post-type=\"page\">\n\t\t\t\t<div class=\"elementor-element elementor-element-562f134 e-flex e-con-boxed e-con e-parent\" data-id=\"562f134\" data-element_type=\"container\">\n\t\t\t\t\t<div class=\"e-con-inner\">\n\t\t\t\t<div class=\"elementor-element elementor-element-15b0e83 elementor-widget elementor-widget-heading\" data-id=\"15b0e83\" data-element_type=\"widget\" data-widget_type=\"heading.default\">\n\t\t\t\t\t<h1 class=\"elementor-heading-title elementor-size-default\">Servi\u00e7os Exclusivos para Operadores Tur\u00edsticos e Turismo de Incentivos (MICE)<\/h1>\t\t\t\t<\/div>\n\t\t\t\t<div class=\"elementor-element elementor-element-59842e3 elementor-widget elementor-widget-text-editor\" data-id=\"59842e3\" data-element_type=\"widget\" data-widget_type=\"text-editor.default\">\n\t\t\t\t\t\t\t\t\t<p>Descubra uma experi\u00eancia flamenca aut\u00eantica no cora\u00e7\u00e3o de Granada. O Tablao Flamenco Albayz\u00edn, com uma rica hist\u00f3ria que remonta a 1971, oferece uma escapadela cultural \u00fanica para grupos em busca da ess\u00eancia andaluza. Aproveite a oportunidade de reservar o nosso prestigiado tablao e proporcione aos seus clientes uma noite inesquec\u00edvel com vistas panor\u00e2micas da cidade, enquanto desfrutam de um espet\u00e1culo flamenco ao vivo, acompanhado de uma requintada gastronomia local no nosso bar e restaurante.  <\/p><p><strong>Os Nossos Servi\u00e7os Incluem:<\/strong><\/p><p>Espet\u00e1culo Flamenco Ao Vivo: Um espet\u00e1culo emocionante que destaca o talento local e a tradi\u00e7\u00e3o flamenca de Granada.<br>Restaurante e Bar: Oferecemos uma variedade de op\u00e7\u00f5es gastron\u00f3micas que satisfazem todos os gostos, desde pratos tradicionais at\u00e9 op\u00e7\u00f5es contempor\u00e2neas.<br>Reserva Exclusiva do Espa\u00e7o: A possibilidade de reservar todo o estabelecimento para eventos privados, garantindo uma experi\u00eancia personalizada e memor\u00e1vel.<br>Localiza\u00e7\u00e3o Privilegiada: Situado numa zona emblem\u00e1tica, o nosso tablao conta com grandes janelas que oferecem vistas impressionantes de Granada, acrescentando um toque m\u00e1gico a qualquer evento.<\/p><p>Adaptamos os nossos servi\u00e7os \u00e0s necessidades de operadores tur\u00edsticos e grupos de turismo de incentivos, assegurando uma gest\u00e3o sem problemas e uma experi\u00eancia excecional. O Tablao Flamenco Albayz\u00edn \u00e9 o cen\u00e1rio perfeito para uma imers\u00e3o cultural, e estamos aqui para tornar o seu evento numa recorda\u00e7\u00e3o inesquec\u00edvel. <\/p><p>Entre em Contacto Hoje! Estamos aqui para responder a todas as suas perguntas e ajud\u00e1-lo a planear um evento perfeito. Clique no bot\u00e3o abaixo para entrar em contacto connosco e descubra como podemos tornar o seu evento em Granada numa experi\u00eancia \u00fanica.  <\/p>\t\t\t\t\t\t\t\t<\/div>\n\t\t\t\t<div class=\"elementor-element elementor-element-9425f41 elementor-widget elementor-widget-button\" data-id=\"9425f41\" data-element_type=\"widget\" data-widget_type=\"button.default\">\n\t\t\t\t\t\t\t\t\t\t<a class=\"elementor-button elementor-button-link elementor-size-sm\" href=\"https:\/\/tablaoflamencogranada.com\/pt\/contacte-connosco\" title=\"Contacta con nosotros\">\n\t\t\t\t\t\t<span class=\"elementor-button-content-wrapper\">\n\t\t\t\t\t\t\t\t\t<span class=\"elementor-button-text\">CONTACTE-NOS<\/span>\n\t\t\t\t\t<\/span>\n\t\t\t\t\t<\/a>\n\t\t\t\t\t\t\t\t<\/div>\n\t\t\t\t\t<\/div>\n\t\t\t\t<\/div>\n\t\t\t\t<\/div>\n\t\t","protected":false},"excerpt":{"rendered":"<p>Servi\u00e7os Exclusivos para Operadores Tur\u00edsticos e Turismo de Incentivos (MICE) Descubra uma experi\u00eancia flamenca aut\u00eantica no cora\u00e7\u00e3o de Granada. O Tablao Flamenco Albayz\u00edn, com uma rica hist\u00f3ria que remonta a 1971, oferece uma escapadela cultural \u00fanica para grupos em busca da ess\u00eancia andaluza. Aproveite a oportunidade de reservar o nosso prestigiado tablao e proporcione aos [&hellip;]<\/p>\n","protected":false},"author":1,"featured_media":0,"parent":0,"menu_order":0,"comment_status":"closed","ping_status":"closed","template":"","meta":{"footnotes":""},"class_list":["post-13101","page","type-page","status-publish","hentry"],"_links":{"self":[{"href":"https:\/\/tablaoflamencogranada.com\/pt\/wp-json\/wp\/v2\/pages\/13101","targetHints":{"allow":["GET"]}}],"collection":[{"href":"https:\/\/tablaoflamencogranada.com\/pt\/wp-json\/wp\/v2\/pages"}],"about":[{"href":"https:\/\/tablaoflamencogranada.com\/pt\/wp-json\/wp\/v2\/types\/page"}],"author":[{"embeddable":true,"href":"https:\/\/tablaoflamencogranada.com\/pt\/wp-json\/wp\/v2\/users\/1"}],"replies":[{"embeddable":true,"href":"https:\/\/tablaoflamencogranada.com\/pt\/wp-json\/wp\/v2\/comments?post=13101"}],"version-history":[{"count":2,"href":"https:\/\/tablaoflamencogranada.com\/pt\/wp-json\/wp\/v2\/pages\/13101\/revisions"}],"predecessor-version":[{"id":13187,"href":"https:\/\/tablaoflamencogranada.com\/pt\/wp-json\/wp\/v2\/pages\/13101\/revisions\/13187"}],"wp:attachment":[{"href":"https:\/\/tablaoflamencogranada.com\/pt\/wp-json\/wp\/v2\/media?parent=13101"}],"curies":[{"name":"wp","href":"https:\/\/api.w.org\/{rel}","templated":true}]}}