{"id":13103,"date":"2023-02-18T19:30:42","date_gmt":"2023-02-18T18:30:42","guid":{"rendered":"https:\/\/tablaoflamencogranada.com\/aviso-legal"},"modified":"2025-08-11T19:48:23","modified_gmt":"2025-08-11T18:48:23","slug":"aviso-legal","status":"publish","type":"page","link":"https:\/\/tablaoflamencogranada.com\/pt\/aviso-legal","title":{"rendered":"Aviso Legal"},"content":{"rendered":"\t\t<div data-elementor-type=\"wp-page\" data-elementor-id=\"13103\" class=\"elementor elementor-13103 elementor-545\" data-elementor-post-type=\"page\">\n\t\t\t\t<div class=\"elementor-element elementor-element-500a90c e-flex e-con-boxed e-con e-parent\" data-id=\"500a90c\" data-element_type=\"container\">\n\t\t\t\t\t<div class=\"e-con-inner\">\n\t\t\t\t<div class=\"elementor-element elementor-element-034ad93 elementor-widget elementor-widget-heading\" data-id=\"034ad93\" data-element_type=\"widget\" data-widget_type=\"heading.default\">\n\t\t\t\t\t<h1 class=\"elementor-heading-title elementor-size-default\">Aviso legal<\/h1>\t\t\t\t<\/div>\n\t\t\t\t\t<\/div>\n\t\t\t\t<\/div>\n\t\t<div class=\"elementor-element elementor-element-2a354e55 e-flex e-con-boxed e-con e-parent\" data-id=\"2a354e55\" data-element_type=\"container\">\n\t\t\t\t\t<div class=\"e-con-inner\">\n\t\t\t\t<div class=\"elementor-element elementor-element-6325a7a elementor-widget elementor-widget-text-editor\" data-id=\"6325a7a\" data-element_type=\"widget\" data-widget_type=\"text-editor.default\">\n\t\t\t\t\t\t\t\t\t  <h2>1. Dados de Identifica\u00e7\u00e3o<\/h2>\n  <p>\n  Em cumprimento do disposto na Lei 34\/2002, de 11 de julho, de Servi\u00e7os da Sociedade da Informa\u00e7\u00e3o e do Com\u00e9rcio Eletr\u00f3nico (LSSI-CE), informa-se que este s\u00edtio web \u00e9 propriedade da <strong>Zambra los Amayas S.L.<\/strong>, com <strong>N.I.F. B93584043<\/strong>, e sede social em <strong>Carretera de Murcia s\/n, Mirador de San Crist\u00f3bal (Albaic\u00edn), 18010 Granada<\/strong>.\n  <\/p>\n  <p>\n  O acesso e uso deste s\u00edtio web s\u00e3o gratuitos, e atribuem a condi\u00e7\u00e3o de utilizador a toda a pessoa que navegue pelo mesmo, comprometendo-se a cumprir com o disposto neste aviso legal e na legisla\u00e7\u00e3o vigente.\n  <\/p>\n\n  <h2>2. Propriedade Intelectual e Industrial<\/h2>\n  <p>\n  Todos os conte\u00fados do s\u00edtio web (textos, imagens, designs, logotipos, c\u00f3digo fonte, estrutura, etc.) s\u00e3o propriedade exclusiva da <strong>Zambra los Amayas S.L.<\/strong>, ou disp\u00f5e de licen\u00e7a ou autoriza\u00e7\u00e3o expressa para o seu uso. Est\u00e3o protegidos pela legisla\u00e7\u00e3o sobre propriedade intelectual e industrial. \n  <\/p>\n  <p>\n  Fica expressamente proibida a reprodu\u00e7\u00e3o total ou parcial, distribui\u00e7\u00e3o, comunica\u00e7\u00e3o p\u00fablica ou qualquer outra forma de utiliza\u00e7\u00e3o dos conte\u00fados sem a autoriza\u00e7\u00e3o pr\u00e9via e por escrito de Zambra los Amayas S.L.\n  <\/p>\n  <p>\n  Permite-se o uso de links para o s\u00edtio web, sempre que n\u00e3o se fa\u00e7a um uso indevido da sua imagem, marca ou conte\u00fados, nem se contravenham os direitos do titular.\n  <\/p>\n\n  <h2>3. Exonera\u00e7\u00e3o de Responsabilidade<\/h2>\n  <p>\n  Zambra los Amayas S.L. n\u00e3o se responsabiliza pelos conte\u00fados introduzidos por terceiros nem pelos erros ou omiss\u00f5es nos conte\u00fados do s\u00edtio web, nem pelos danos que se possam derivar do uso da informa\u00e7\u00e3o contida.\n  <\/p>\n\n  <h2>4. Uso de Cookies<\/h2>\n  <p>\n  Este s\u00edtio web pode utilizar cookies t\u00e9cnicos para facilitar a navega\u00e7\u00e3o e garantir o correto funcionamento do s\u00edtio. Em nenhum caso se utilizam cookies com fins publicit\u00e1rios sem o consentimento do utilizador. O utilizador pode configurar o seu navegador para gerir ou bloquear os cookies.  \n  <\/p>\n\n  <h2>5. Links para Terceiros<\/h2>\n  <p>\n  Este s\u00edtio web pode incluir links para p\u00e1ginas externas. Zambra los Amayas S.L. n\u00e3o se responsabiliza pelo conte\u00fado nem pelo funcionamento de ditos s\u00edtios de terceiros. Em caso de detetar conte\u00fados inapropriados, proceder-se-\u00e1 \u00e0 sua retirada imediata e, se corresponder, \u00e0 sua notifica\u00e7\u00e3o \u00e0s autoridades competentes.  \n  <\/p>\n\n  <h2>6. Endere\u00e7os IP<\/h2>\n  <p>\n  Os servidores do s\u00edtio web podem detetar de forma autom\u00e1tica o endere\u00e7o IP utilizado pelo utilizador com fins estat\u00edsticos, como o n\u00famero de visitas ou a ordem de acesso \u00e0s p\u00e1ginas.\n  <\/p>\n\n  <h2>7. Legisla\u00e7\u00e3o Aplic\u00e1vel e Jurisdi\u00e7\u00e3o<\/h2>\n  <p>\n  Este aviso legal rege-se pela legisla\u00e7\u00e3o espanhola. Para a resolu\u00e7\u00e3o de qualquer controv\u00e9rsia que possa surgir com rela\u00e7\u00e3o ao acesso ou uso do s\u00edtio web, ambas as partes submetem-se aos Julgados e Tribunais de Granada, renunciando expressamente a qualquer outro foro que possa corresponder-lhes. \n  <\/p>\t\t\t\t\t\t\t\t<\/div>\n\t\t\t\t\t<\/div>\n\t\t\t\t<\/div>\n\t\t\t\t<\/div>\n\t\t","protected":false},"excerpt":{"rendered":"<p>Aviso legal 1. Dados de Identifica\u00e7\u00e3o Em cumprimento do disposto na Lei 34\/2002, de 11 de julho, de Servi\u00e7os da Sociedade da Informa\u00e7\u00e3o e do Com\u00e9rcio Eletr\u00f3nico (LSSI-CE), informa-se que este s\u00edtio web \u00e9 propriedade da Zambra los Amayas S.L., com N.I.F. B93584043, e sede social em Carretera de Murcia s\/n, Mirador de San Crist\u00f3bal [&hellip;]<\/p>\n","protected":false},"author":1,"featured_media":0,"parent":0,"menu_order":0,"comment_status":"closed","ping_status":"closed","template":"","meta":{"footnotes":""},"class_list":["post-13103","page","type-page","status-publish","hentry"],"_links":{"self":[{"href":"https:\/\/tablaoflamencogranada.com\/pt\/wp-json\/wp\/v2\/pages\/13103","targetHints":{"allow":["GET"]}}],"collection":[{"href":"https:\/\/tablaoflamencogranada.com\/pt\/wp-json\/wp\/v2\/pages"}],"about":[{"href":"https:\/\/tablaoflamencogranada.com\/pt\/wp-json\/wp\/v2\/types\/page"}],"author":[{"embeddable":true,"href":"https:\/\/tablaoflamencogranada.com\/pt\/wp-json\/wp\/v2\/users\/1"}],"replies":[{"embeddable":true,"href":"https:\/\/tablaoflamencogranada.com\/pt\/wp-json\/wp\/v2\/comments?post=13103"}],"version-history":[{"count":1,"href":"https:\/\/tablaoflamencogranada.com\/pt\/wp-json\/wp\/v2\/pages\/13103\/revisions"}],"predecessor-version":[{"id":13105,"href":"https:\/\/tablaoflamencogranada.com\/pt\/wp-json\/wp\/v2\/pages\/13103\/revisions\/13105"}],"wp:attachment":[{"href":"https:\/\/tablaoflamencogranada.com\/pt\/wp-json\/wp\/v2\/media?parent=13103"}],"curies":[{"name":"wp","href":"https:\/\/api.w.org\/{rel}","templated":true}]}}